{"id":851,"date":"2023-10-29T17:22:12","date_gmt":"2023-10-29T17:22:12","guid":{"rendered":"https:\/\/hausarzt-zietenterrassen.de\/?page_id=851"},"modified":"2023-10-29T17:25:41","modified_gmt":"2023-10-29T17:25:41","slug":"patienten-app-patmed","status":"publish","type":"page","link":"https:\/\/hausarzt-zietenterrassen.de\/?page_id=851","title":{"rendered":"Patienten-App &#8222;Patmed&#8220;"},"content":{"rendered":"\n<p class=\"wp-block-paragraph\">Unsere Praxissoftware bietet die M\u00f6glichkeit mittels einer App mit der Praxis zu chatten, Medikamente zu bestellen, Termine zu erfragen, Laborwerte und Arztbriefe einzusehen, etc.. Da sich viele Patienten mit der Installation der App schwer taten, haben wir eine Schritt-f\u00fcr-Schritt Erkl\u00e4rung erstellt. Diese k\u00f6nnen Sie <a href=\"https:\/\/hausarzt-zietenterrassen.de\/wp-content\/uploads\/2023\/10\/Patmed-Anleitung.pdf\">hier<\/a> herunterladen. <\/p>\n\n\n\n<p class=\"wp-block-paragraph\">Bitte beachten Sie, dass Sie vor der Installation einen QR Code ben\u00f6tigen, den Sie in der Praxis erhalten.<\/p>\n\n\n\n<p class=\"wp-block-paragraph\">Medikamentenbestellungen sind weiterhin erst dann m\u00f6glich, wenn wir Ihre Krankenkassen-Karte im aktuellen Quartal bereits eingelesen haben.<\/p>\n\n\n\n<p class=\"wp-block-paragraph\">Viel Spa\u00df mit der App, Ihr Praxisteam!<\/p>\n\n\n\n<figure class=\"wp-block-image size-large\"><img decoding=\"async\" src=\"https:\/\/hausarzt-zietenterrassen.de\/wp-content\/uploads\/2023\/03\/PatMed-Flyer-fuer-Patienten.pdf\" alt=\"\"\/><\/figure>\n","protected":false},"excerpt":{"rendered":"<p>Unsere Praxissoftware bietet die M\u00f6glichkeit mittels einer App mit der Praxis zu chatten, Medikamente zu bestellen, Termine zu erfragen, Laborwerte und Arztbriefe einzusehen, etc.. Da sich viele Patienten mit der Installation der App schwer taten, haben wir eine Schritt-f\u00fcr-Schritt Erkl\u00e4rung erstellt. Diese k\u00f6nnen Sie hier herunterladen. Bitte beachten Sie, dass [&hellip;]<\/p>\n","protected":false},"author":1,"featured_media":0,"parent":0,"menu_order":0,"comment_status":"closed","ping_status":"closed","template":"","meta":{"_crdt_document":"","footnotes":""},"class_list":["post-851","page","type-page","status-publish","hentry"],"yoast_head":"<!-- This site is optimized with the Yoast SEO plugin v27.3 - https:\/\/yoast.com\/product\/yoast-seo-wordpress\/ -->\n<title>Patienten-App &quot;Patmed&quot; - Ihre Hausarztpraxis auf den Zietenterrassen<\/title>\n<meta name=\"robots\" content=\"index, follow, max-snippet:-1, max-image-preview:large, max-video-preview:-1\" \/>\n<link rel=\"canonical\" href=\"https:\/\/hausarzt-zietenterrassen.de\/?page_id=851\" \/>\n<meta property=\"og:locale\" content=\"de_DE\" \/>\n<meta property=\"og:type\" content=\"article\" \/>\n<meta property=\"og:title\" content=\"Patienten-App &quot;Patmed&quot; - Ihre Hausarztpraxis auf den Zietenterrassen\" \/>\n<meta property=\"og:description\" content=\"Unsere Praxissoftware bietet die M\u00f6glichkeit mittels einer App mit der Praxis zu chatten, Medikamente zu bestellen, Termine zu erfragen, Laborwerte und Arztbriefe einzusehen, etc.. Da sich viele Patienten mit der Installation der App schwer taten, haben wir eine Schritt-f\u00fcr-Schritt Erkl\u00e4rung erstellt. Diese k\u00f6nnen Sie hier herunterladen. Bitte beachten Sie, dass [&hellip;]\" \/>\n<meta property=\"og:url\" content=\"https:\/\/hausarzt-zietenterrassen.de\/?page_id=851\" \/>\n<meta property=\"og:site_name\" content=\"Ihre Hausarztpraxis auf den Zietenterrassen\" \/>\n<meta property=\"article:modified_time\" content=\"2023-10-29T17:25:41+00:00\" \/>\n<meta property=\"og:image\" content=\"https:\/\/hausarzt-zietenterrassen.de\/wp-content\/uploads\/2023\/03\/PatMed-Flyer-fuer-Patienten.pdf\" \/>\n<meta name=\"twitter:card\" content=\"summary_large_image\" \/>\n<meta name=\"twitter:label1\" content=\"Gesch\u00e4tzte Lesezeit\" \/>\n\t<meta name=\"twitter:data1\" content=\"1\u00a0Minute\" \/>\n<script type=\"application\/ld+json\" class=\"yoast-schema-graph\">{\"@context\":\"https:\\\/\\\/schema.org\",\"@graph\":[{\"@type\":\"WebPage\",\"@id\":\"https:\\\/\\\/hausarzt-zietenterrassen.de\\\/?page_id=851\",\"url\":\"https:\\\/\\\/hausarzt-zietenterrassen.de\\\/?page_id=851\",\"name\":\"Patienten-App \\\"Patmed\\\" - Ihre Hausarztpraxis auf den Zietenterrassen\",\"isPartOf\":{\"@id\":\"https:\\\/\\\/hausarzt-zietenterrassen.de\\\/#website\"},\"primaryImageOfPage\":{\"@id\":\"https:\\\/\\\/hausarzt-zietenterrassen.de\\\/?page_id=851#primaryimage\"},\"image\":{\"@id\":\"https:\\\/\\\/hausarzt-zietenterrassen.de\\\/?page_id=851#primaryimage\"},\"thumbnailUrl\":\"https:\\\/\\\/hausarzt-zietenterrassen.de\\\/wp-content\\\/uploads\\\/2023\\\/03\\\/PatMed-Flyer-fuer-Patienten.pdf\",\"datePublished\":\"2023-10-29T17:22:12+00:00\",\"dateModified\":\"2023-10-29T17:25:41+00:00\",\"breadcrumb\":{\"@id\":\"https:\\\/\\\/hausarzt-zietenterrassen.de\\\/?page_id=851#breadcrumb\"},\"inLanguage\":\"de\",\"potentialAction\":[{\"@type\":\"ReadAction\",\"target\":[\"https:\\\/\\\/hausarzt-zietenterrassen.de\\\/?page_id=851\"]}]},{\"@type\":\"ImageObject\",\"inLanguage\":\"de\",\"@id\":\"https:\\\/\\\/hausarzt-zietenterrassen.de\\\/?page_id=851#primaryimage\",\"url\":\"https:\\\/\\\/hausarzt-zietenterrassen.de\\\/wp-content\\\/uploads\\\/2023\\\/03\\\/PatMed-Flyer-fuer-Patienten.pdf\",\"contentUrl\":\"https:\\\/\\\/hausarzt-zietenterrassen.de\\\/wp-content\\\/uploads\\\/2023\\\/03\\\/PatMed-Flyer-fuer-Patienten.pdf\"},{\"@type\":\"BreadcrumbList\",\"@id\":\"https:\\\/\\\/hausarzt-zietenterrassen.de\\\/?page_id=851#breadcrumb\",\"itemListElement\":[{\"@type\":\"ListItem\",\"position\":1,\"name\":\"Startseite\",\"item\":\"https:\\\/\\\/hausarzt-zietenterrassen.de\\\/?page_id=645\"},{\"@type\":\"ListItem\",\"position\":2,\"name\":\"Patienten-App &#8222;Patmed&#8220;\"}]},{\"@type\":\"WebSite\",\"@id\":\"https:\\\/\\\/hausarzt-zietenterrassen.de\\\/#website\",\"url\":\"https:\\\/\\\/hausarzt-zietenterrassen.de\\\/\",\"name\":\"Ihre Hausarztpraxis auf den Zietenterrassen\",\"description\":\"Ihre Hausarztpraxis auf den Zietenterrassen. Pers\u00f6nlich. Nah. Vertrauensvoll.\",\"publisher\":{\"@id\":\"https:\\\/\\\/hausarzt-zietenterrassen.de\\\/#organization\"},\"potentialAction\":[{\"@type\":\"SearchAction\",\"target\":{\"@type\":\"EntryPoint\",\"urlTemplate\":\"https:\\\/\\\/hausarzt-zietenterrassen.de\\\/?s={search_term_string}\"},\"query-input\":{\"@type\":\"PropertyValueSpecification\",\"valueRequired\":true,\"valueName\":\"search_term_string\"}}],\"inLanguage\":\"de\"},{\"@type\":\"Organization\",\"@id\":\"https:\\\/\\\/hausarzt-zietenterrassen.de\\\/#organization\",\"name\":\"Ihre Hausarztpraxis auf den Zietenterrassen\",\"url\":\"https:\\\/\\\/hausarzt-zietenterrassen.de\\\/\",\"logo\":{\"@type\":\"ImageObject\",\"inLanguage\":\"de\",\"@id\":\"https:\\\/\\\/hausarzt-zietenterrassen.de\\\/#\\\/schema\\\/logo\\\/image\\\/\",\"url\":\"https:\\\/\\\/hausarzt-zietenterrassen.de\\\/wp-content\\\/uploads\\\/2019\\\/08\\\/cropped-cropped-Logo_Fischer_1c_ohneText-2.png\",\"contentUrl\":\"https:\\\/\\\/hausarzt-zietenterrassen.de\\\/wp-content\\\/uploads\\\/2019\\\/08\\\/cropped-cropped-Logo_Fischer_1c_ohneText-2.png\",\"width\":512,\"height\":372,\"caption\":\"Ihre Hausarztpraxis auf den Zietenterrassen\"},\"image\":{\"@id\":\"https:\\\/\\\/hausarzt-zietenterrassen.de\\\/#\\\/schema\\\/logo\\\/image\\\/\"}}]}<\/script>\n<!-- \/ Yoast SEO plugin. -->","yoast_head_json":{"title":"Patienten-App \"Patmed\" - Ihre Hausarztpraxis auf den Zietenterrassen","robots":{"index":"index","follow":"follow","max-snippet":"max-snippet:-1","max-image-preview":"max-image-preview:large","max-video-preview":"max-video-preview:-1"},"canonical":"https:\/\/hausarzt-zietenterrassen.de\/?page_id=851","og_locale":"de_DE","og_type":"article","og_title":"Patienten-App \"Patmed\" - Ihre Hausarztpraxis auf den Zietenterrassen","og_description":"Unsere Praxissoftware bietet die M\u00f6glichkeit mittels einer App mit der Praxis zu chatten, Medikamente zu bestellen, Termine zu erfragen, Laborwerte und Arztbriefe einzusehen, etc.. Da sich viele Patienten mit der Installation der App schwer taten, haben wir eine Schritt-f\u00fcr-Schritt Erkl\u00e4rung erstellt. Diese k\u00f6nnen Sie hier herunterladen. Bitte beachten Sie, dass [&hellip;]","og_url":"https:\/\/hausarzt-zietenterrassen.de\/?page_id=851","og_site_name":"Ihre Hausarztpraxis auf den Zietenterrassen","article_modified_time":"2023-10-29T17:25:41+00:00","og_image":[{"url":"https:\/\/hausarzt-zietenterrassen.de\/wp-content\/uploads\/2023\/03\/PatMed-Flyer-fuer-Patienten.pdf","type":"","width":"","height":""}],"twitter_card":"summary_large_image","twitter_misc":{"Gesch\u00e4tzte Lesezeit":"1\u00a0Minute"},"schema":{"@context":"https:\/\/schema.org","@graph":[{"@type":"WebPage","@id":"https:\/\/hausarzt-zietenterrassen.de\/?page_id=851","url":"https:\/\/hausarzt-zietenterrassen.de\/?page_id=851","name":"Patienten-App \"Patmed\" - Ihre Hausarztpraxis auf den Zietenterrassen","isPartOf":{"@id":"https:\/\/hausarzt-zietenterrassen.de\/#website"},"primaryImageOfPage":{"@id":"https:\/\/hausarzt-zietenterrassen.de\/?page_id=851#primaryimage"},"image":{"@id":"https:\/\/hausarzt-zietenterrassen.de\/?page_id=851#primaryimage"},"thumbnailUrl":"https:\/\/hausarzt-zietenterrassen.de\/wp-content\/uploads\/2023\/03\/PatMed-Flyer-fuer-Patienten.pdf","datePublished":"2023-10-29T17:22:12+00:00","dateModified":"2023-10-29T17:25:41+00:00","breadcrumb":{"@id":"https:\/\/hausarzt-zietenterrassen.de\/?page_id=851#breadcrumb"},"inLanguage":"de","potentialAction":[{"@type":"ReadAction","target":["https:\/\/hausarzt-zietenterrassen.de\/?page_id=851"]}]},{"@type":"ImageObject","inLanguage":"de","@id":"https:\/\/hausarzt-zietenterrassen.de\/?page_id=851#primaryimage","url":"https:\/\/hausarzt-zietenterrassen.de\/wp-content\/uploads\/2023\/03\/PatMed-Flyer-fuer-Patienten.pdf","contentUrl":"https:\/\/hausarzt-zietenterrassen.de\/wp-content\/uploads\/2023\/03\/PatMed-Flyer-fuer-Patienten.pdf"},{"@type":"BreadcrumbList","@id":"https:\/\/hausarzt-zietenterrassen.de\/?page_id=851#breadcrumb","itemListElement":[{"@type":"ListItem","position":1,"name":"Startseite","item":"https:\/\/hausarzt-zietenterrassen.de\/?page_id=645"},{"@type":"ListItem","position":2,"name":"Patienten-App &#8222;Patmed&#8220;"}]},{"@type":"WebSite","@id":"https:\/\/hausarzt-zietenterrassen.de\/#website","url":"https:\/\/hausarzt-zietenterrassen.de\/","name":"Ihre Hausarztpraxis auf den Zietenterrassen","description":"Ihre Hausarztpraxis auf den Zietenterrassen. Pers\u00f6nlich. Nah. Vertrauensvoll.","publisher":{"@id":"https:\/\/hausarzt-zietenterrassen.de\/#organization"},"potentialAction":[{"@type":"SearchAction","target":{"@type":"EntryPoint","urlTemplate":"https:\/\/hausarzt-zietenterrassen.de\/?s={search_term_string}"},"query-input":{"@type":"PropertyValueSpecification","valueRequired":true,"valueName":"search_term_string"}}],"inLanguage":"de"},{"@type":"Organization","@id":"https:\/\/hausarzt-zietenterrassen.de\/#organization","name":"Ihre Hausarztpraxis auf den Zietenterrassen","url":"https:\/\/hausarzt-zietenterrassen.de\/","logo":{"@type":"ImageObject","inLanguage":"de","@id":"https:\/\/hausarzt-zietenterrassen.de\/#\/schema\/logo\/image\/","url":"https:\/\/hausarzt-zietenterrassen.de\/wp-content\/uploads\/2019\/08\/cropped-cropped-Logo_Fischer_1c_ohneText-2.png","contentUrl":"https:\/\/hausarzt-zietenterrassen.de\/wp-content\/uploads\/2019\/08\/cropped-cropped-Logo_Fischer_1c_ohneText-2.png","width":512,"height":372,"caption":"Ihre Hausarztpraxis auf den Zietenterrassen"},"image":{"@id":"https:\/\/hausarzt-zietenterrassen.de\/#\/schema\/logo\/image\/"}}]}},"jetpack_sharing_enabled":true,"_links":{"self":[{"href":"https:\/\/hausarzt-zietenterrassen.de\/index.php?rest_route=\/wp\/v2\/pages\/851","targetHints":{"allow":["GET"]}}],"collection":[{"href":"https:\/\/hausarzt-zietenterrassen.de\/index.php?rest_route=\/wp\/v2\/pages"}],"about":[{"href":"https:\/\/hausarzt-zietenterrassen.de\/index.php?rest_route=\/wp\/v2\/types\/page"}],"author":[{"embeddable":true,"href":"https:\/\/hausarzt-zietenterrassen.de\/index.php?rest_route=\/wp\/v2\/users\/1"}],"replies":[{"embeddable":true,"href":"https:\/\/hausarzt-zietenterrassen.de\/index.php?rest_route=%2Fwp%2Fv2%2Fcomments&post=851"}],"version-history":[{"count":2,"href":"https:\/\/hausarzt-zietenterrassen.de\/index.php?rest_route=\/wp\/v2\/pages\/851\/revisions"}],"predecessor-version":[{"id":856,"href":"https:\/\/hausarzt-zietenterrassen.de\/index.php?rest_route=\/wp\/v2\/pages\/851\/revisions\/856"}],"wp:attachment":[{"href":"https:\/\/hausarzt-zietenterrassen.de\/index.php?rest_route=%2Fwp%2Fv2%2Fmedia&parent=851"}],"curies":[{"name":"wp","href":"https:\/\/api.w.org\/{rel}","templated":true}]}}