{"id":62,"date":"2019-08-24T20:47:27","date_gmt":"2019-08-24T20:47:27","guid":{"rendered":"http:\/\/hausarzt-zietenterrassen.de\/?page_id=62"},"modified":"2025-04-02T17:40:43","modified_gmt":"2025-04-02T17:40:43","slug":"aerzte","status":"publish","type":"page","link":"https:\/\/hausarzt-zietenterrassen.de\/?page_id=62","title":{"rendered":"\u00c4rzte"},"content":{"rendered":"<div id=\"attachment_64\" style=\"width: 210px\" class=\"wp-caption alignnone\"><a href=\"https:\/\/hausarzt-zietenterrassen.de\/?page_id=122\"><img loading=\"lazy\" decoding=\"async\" aria-describedby=\"caption-attachment-64\" class=\"wp-image-64 size-medium\" src=\"https:\/\/hausarzt-zietenterrassen.de\/wp-content\/uploads\/2019\/08\/MG_0930-e1566679401879-200x300.jpeg\" alt=\"\" width=\"200\" height=\"300\" srcset=\"https:\/\/hausarzt-zietenterrassen.de\/wp-content\/uploads\/2019\/08\/MG_0930-e1566679401879-200x300.jpeg 200w, https:\/\/hausarzt-zietenterrassen.de\/wp-content\/uploads\/2019\/08\/MG_0930-e1566679401879.jpeg 427w\" sizes=\"auto, (max-width: 200px) 100vw, 200px\" \/><\/a><p id=\"caption-attachment-64\" class=\"wp-caption-text\">Dr. med. Thomas Fischer, Facharzt f\u00fcr Allgemeinmedizin, Phlebologie und Notfallmedizin, Lehrbeauftragter der Universit\u00e4t G\u00f6ttingen f\u00fcr Allgemeinmedizin<\/p><\/div>\n<p><\/p>\n<div id=\"attachment_12\" style=\"width: 222px\" class=\"wp-caption alignnone\"><a href=\"https:\/\/hausarzt-zietenterrassen.de\/?page_id=117\"><img loading=\"lazy\" decoding=\"async\" aria-describedby=\"caption-attachment-12\" class=\"wp-image-12 size-medium\" src=\"https:\/\/hausarzt-zietenterrassen.de\/wp-content\/uploads\/2019\/08\/015-212x300.jpg\" alt=\"\" width=\"212\" height=\"300\" srcset=\"https:\/\/hausarzt-zietenterrassen.de\/wp-content\/uploads\/2019\/08\/015-212x300.jpg 212w, https:\/\/hausarzt-zietenterrassen.de\/wp-content\/uploads\/2019\/08\/015-768x1086.jpg 768w, https:\/\/hausarzt-zietenterrassen.de\/wp-content\/uploads\/2019\/08\/015-724x1024.jpg 724w\" sizes=\"auto, (max-width: 212px) 100vw, 212px\" \/><\/a><p id=\"caption-attachment-12\" class=\"wp-caption-text\">Dr. med. Susanne Fischer, Fach\u00e4rztin f\u00fcr Allgemeinmedizin, Palliativmedizin<\/p><\/div>\n\n\n<figure class=\"wp-block-image size-large is-resized\"><img loading=\"lazy\" decoding=\"async\" width=\"1024\" height=\"768\" src=\"https:\/\/hausarzt-zietenterrassen.de\/wp-content\/uploads\/2020\/04\/IMG_3515-1024x768.jpeg\" alt=\"\" class=\"wp-image-289\" style=\"width:482px;height:361px\" srcset=\"https:\/\/hausarzt-zietenterrassen.de\/wp-content\/uploads\/2020\/04\/IMG_3515-1024x768.jpeg 1024w, https:\/\/hausarzt-zietenterrassen.de\/wp-content\/uploads\/2020\/04\/IMG_3515-300x225.jpeg 300w, https:\/\/hausarzt-zietenterrassen.de\/wp-content\/uploads\/2020\/04\/IMG_3515-768x576.jpeg 768w, https:\/\/hausarzt-zietenterrassen.de\/wp-content\/uploads\/2020\/04\/IMG_3515-1536x1152.jpeg 1536w, https:\/\/hausarzt-zietenterrassen.de\/wp-content\/uploads\/2020\/04\/IMG_3515.jpeg 1600w\" sizes=\"auto, (max-width: 1024px) 100vw, 1024px\" \/><figcaption class=\"wp-element-caption\">Dr. med. Beate Focke, Fach\u00e4rztin f\u00fcr Allgemeinmedizin<\/figcaption><\/figure>\n\n\n\n<p class=\"wp-block-paragraph\"><\/p>\n","protected":false},"excerpt":{"rendered":"","protected":false},"author":1,"featured_media":0,"parent":60,"menu_order":0,"comment_status":"closed","ping_status":"closed","template":"","meta":{"_crdt_document":"","footnotes":""},"class_list":["post-62","page","type-page","status-publish","hentry"],"yoast_head":"<!-- This site is optimized with the Yoast SEO plugin v27.4 - https:\/\/yoast.com\/product\/yoast-seo-wordpress\/ -->\n<title>\u00c4rzte - Ihre Hausarztpraxis auf den Zietenterrassen<\/title>\n<meta name=\"robots\" content=\"index, follow, max-snippet:-1, max-image-preview:large, max-video-preview:-1\" \/>\n<link rel=\"canonical\" href=\"https:\/\/hausarzt-zietenterrassen.de\/?page_id=62\" \/>\n<meta property=\"og:locale\" content=\"de_DE\" \/>\n<meta property=\"og:type\" content=\"article\" \/>\n<meta property=\"og:title\" content=\"\u00c4rzte - Ihre Hausarztpraxis auf den Zietenterrassen\" \/>\n<meta property=\"og:url\" content=\"https:\/\/hausarzt-zietenterrassen.de\/?page_id=62\" \/>\n<meta property=\"og:site_name\" content=\"Ihre Hausarztpraxis auf den Zietenterrassen\" \/>\n<meta property=\"article:modified_time\" content=\"2025-04-02T17:40:43+00:00\" \/>\n<meta property=\"og:image\" content=\"http:\/\/hausarzt-zietenterrassen.de\/wp-content\/uploads\/2019\/08\/MG_0930-e1566679401879-200x300.jpeg\" \/>\n<meta name=\"twitter:card\" content=\"summary_large_image\" \/>\n<meta name=\"twitter:label1\" content=\"Gesch\u00e4tzte Lesezeit\" \/>\n\t<meta name=\"twitter:data1\" content=\"1\u00a0Minute\" \/>\n<script type=\"application\/ld+json\" class=\"yoast-schema-graph\">{\"@context\":\"https:\\\/\\\/schema.org\",\"@graph\":[{\"@type\":\"WebPage\",\"@id\":\"https:\\\/\\\/hausarzt-zietenterrassen.de\\\/?page_id=62\",\"url\":\"https:\\\/\\\/hausarzt-zietenterrassen.de\\\/?page_id=62\",\"name\":\"\u00c4rzte - Ihre Hausarztpraxis auf den Zietenterrassen\",\"isPartOf\":{\"@id\":\"https:\\\/\\\/hausarzt-zietenterrassen.de\\\/#website\"},\"primaryImageOfPage\":{\"@id\":\"https:\\\/\\\/hausarzt-zietenterrassen.de\\\/?page_id=62#primaryimage\"},\"image\":{\"@id\":\"https:\\\/\\\/hausarzt-zietenterrassen.de\\\/?page_id=62#primaryimage\"},\"thumbnailUrl\":\"http:\\\/\\\/hausarzt-zietenterrassen.de\\\/wp-content\\\/uploads\\\/2019\\\/08\\\/MG_0930-e1566679401879-200x300.jpeg\",\"datePublished\":\"2019-08-24T20:47:27+00:00\",\"dateModified\":\"2025-04-02T17:40:43+00:00\",\"breadcrumb\":{\"@id\":\"https:\\\/\\\/hausarzt-zietenterrassen.de\\\/?page_id=62#breadcrumb\"},\"inLanguage\":\"de\",\"potentialAction\":[{\"@type\":\"ReadAction\",\"target\":[\"https:\\\/\\\/hausarzt-zietenterrassen.de\\\/?page_id=62\"]}]},{\"@type\":\"ImageObject\",\"inLanguage\":\"de\",\"@id\":\"https:\\\/\\\/hausarzt-zietenterrassen.de\\\/?page_id=62#primaryimage\",\"url\":\"http:\\\/\\\/hausarzt-zietenterrassen.de\\\/wp-content\\\/uploads\\\/2019\\\/08\\\/MG_0930-e1566679401879-200x300.jpeg\",\"contentUrl\":\"http:\\\/\\\/hausarzt-zietenterrassen.de\\\/wp-content\\\/uploads\\\/2019\\\/08\\\/MG_0930-e1566679401879-200x300.jpeg\"},{\"@type\":\"BreadcrumbList\",\"@id\":\"https:\\\/\\\/hausarzt-zietenterrassen.de\\\/?page_id=62#breadcrumb\",\"itemListElement\":[{\"@type\":\"ListItem\",\"position\":1,\"name\":\"Startseite\",\"item\":\"https:\\\/\\\/hausarzt-zietenterrassen.de\\\/?page_id=645\"},{\"@type\":\"ListItem\",\"position\":2,\"name\":\"Praxis-Team\",\"item\":\"https:\\\/\\\/hausarzt-zietenterrassen.de\\\/?page_id=60\"},{\"@type\":\"ListItem\",\"position\":3,\"name\":\"\u00c4rzte\"}]},{\"@type\":\"WebSite\",\"@id\":\"https:\\\/\\\/hausarzt-zietenterrassen.de\\\/#website\",\"url\":\"https:\\\/\\\/hausarzt-zietenterrassen.de\\\/\",\"name\":\"Ihre Hausarztpraxis auf den Zietenterrassen\",\"description\":\"Ihre Hausarztpraxis auf den Zietenterrassen. Pers\u00f6nlich. Nah. Vertrauensvoll.\",\"publisher\":{\"@id\":\"https:\\\/\\\/hausarzt-zietenterrassen.de\\\/#organization\"},\"potentialAction\":[{\"@type\":\"SearchAction\",\"target\":{\"@type\":\"EntryPoint\",\"urlTemplate\":\"https:\\\/\\\/hausarzt-zietenterrassen.de\\\/?s={search_term_string}\"},\"query-input\":{\"@type\":\"PropertyValueSpecification\",\"valueRequired\":true,\"valueName\":\"search_term_string\"}}],\"inLanguage\":\"de\"},{\"@type\":\"Organization\",\"@id\":\"https:\\\/\\\/hausarzt-zietenterrassen.de\\\/#organization\",\"name\":\"Ihre Hausarztpraxis auf den Zietenterrassen\",\"url\":\"https:\\\/\\\/hausarzt-zietenterrassen.de\\\/\",\"logo\":{\"@type\":\"ImageObject\",\"inLanguage\":\"de\",\"@id\":\"https:\\\/\\\/hausarzt-zietenterrassen.de\\\/#\\\/schema\\\/logo\\\/image\\\/\",\"url\":\"https:\\\/\\\/hausarzt-zietenterrassen.de\\\/wp-content\\\/uploads\\\/2019\\\/08\\\/cropped-cropped-Logo_Fischer_1c_ohneText-2.png\",\"contentUrl\":\"https:\\\/\\\/hausarzt-zietenterrassen.de\\\/wp-content\\\/uploads\\\/2019\\\/08\\\/cropped-cropped-Logo_Fischer_1c_ohneText-2.png\",\"width\":512,\"height\":372,\"caption\":\"Ihre Hausarztpraxis auf den Zietenterrassen\"},\"image\":{\"@id\":\"https:\\\/\\\/hausarzt-zietenterrassen.de\\\/#\\\/schema\\\/logo\\\/image\\\/\"}}]}<\/script>\n<!-- \/ Yoast SEO plugin. -->","yoast_head_json":{"title":"\u00c4rzte - Ihre Hausarztpraxis auf den Zietenterrassen","robots":{"index":"index","follow":"follow","max-snippet":"max-snippet:-1","max-image-preview":"max-image-preview:large","max-video-preview":"max-video-preview:-1"},"canonical":"https:\/\/hausarzt-zietenterrassen.de\/?page_id=62","og_locale":"de_DE","og_type":"article","og_title":"\u00c4rzte - Ihre Hausarztpraxis auf den Zietenterrassen","og_url":"https:\/\/hausarzt-zietenterrassen.de\/?page_id=62","og_site_name":"Ihre Hausarztpraxis auf den Zietenterrassen","article_modified_time":"2025-04-02T17:40:43+00:00","og_image":[{"url":"http:\/\/hausarzt-zietenterrassen.de\/wp-content\/uploads\/2019\/08\/MG_0930-e1566679401879-200x300.jpeg","type":"","width":"","height":""}],"twitter_card":"summary_large_image","twitter_misc":{"Gesch\u00e4tzte Lesezeit":"1\u00a0Minute"},"schema":{"@context":"https:\/\/schema.org","@graph":[{"@type":"WebPage","@id":"https:\/\/hausarzt-zietenterrassen.de\/?page_id=62","url":"https:\/\/hausarzt-zietenterrassen.de\/?page_id=62","name":"\u00c4rzte - Ihre Hausarztpraxis auf den Zietenterrassen","isPartOf":{"@id":"https:\/\/hausarzt-zietenterrassen.de\/#website"},"primaryImageOfPage":{"@id":"https:\/\/hausarzt-zietenterrassen.de\/?page_id=62#primaryimage"},"image":{"@id":"https:\/\/hausarzt-zietenterrassen.de\/?page_id=62#primaryimage"},"thumbnailUrl":"http:\/\/hausarzt-zietenterrassen.de\/wp-content\/uploads\/2019\/08\/MG_0930-e1566679401879-200x300.jpeg","datePublished":"2019-08-24T20:47:27+00:00","dateModified":"2025-04-02T17:40:43+00:00","breadcrumb":{"@id":"https:\/\/hausarzt-zietenterrassen.de\/?page_id=62#breadcrumb"},"inLanguage":"de","potentialAction":[{"@type":"ReadAction","target":["https:\/\/hausarzt-zietenterrassen.de\/?page_id=62"]}]},{"@type":"ImageObject","inLanguage":"de","@id":"https:\/\/hausarzt-zietenterrassen.de\/?page_id=62#primaryimage","url":"http:\/\/hausarzt-zietenterrassen.de\/wp-content\/uploads\/2019\/08\/MG_0930-e1566679401879-200x300.jpeg","contentUrl":"http:\/\/hausarzt-zietenterrassen.de\/wp-content\/uploads\/2019\/08\/MG_0930-e1566679401879-200x300.jpeg"},{"@type":"BreadcrumbList","@id":"https:\/\/hausarzt-zietenterrassen.de\/?page_id=62#breadcrumb","itemListElement":[{"@type":"ListItem","position":1,"name":"Startseite","item":"https:\/\/hausarzt-zietenterrassen.de\/?page_id=645"},{"@type":"ListItem","position":2,"name":"Praxis-Team","item":"https:\/\/hausarzt-zietenterrassen.de\/?page_id=60"},{"@type":"ListItem","position":3,"name":"\u00c4rzte"}]},{"@type":"WebSite","@id":"https:\/\/hausarzt-zietenterrassen.de\/#website","url":"https:\/\/hausarzt-zietenterrassen.de\/","name":"Ihre Hausarztpraxis auf den Zietenterrassen","description":"Ihre Hausarztpraxis auf den Zietenterrassen. Pers\u00f6nlich. Nah. Vertrauensvoll.","publisher":{"@id":"https:\/\/hausarzt-zietenterrassen.de\/#organization"},"potentialAction":[{"@type":"SearchAction","target":{"@type":"EntryPoint","urlTemplate":"https:\/\/hausarzt-zietenterrassen.de\/?s={search_term_string}"},"query-input":{"@type":"PropertyValueSpecification","valueRequired":true,"valueName":"search_term_string"}}],"inLanguage":"de"},{"@type":"Organization","@id":"https:\/\/hausarzt-zietenterrassen.de\/#organization","name":"Ihre Hausarztpraxis auf den Zietenterrassen","url":"https:\/\/hausarzt-zietenterrassen.de\/","logo":{"@type":"ImageObject","inLanguage":"de","@id":"https:\/\/hausarzt-zietenterrassen.de\/#\/schema\/logo\/image\/","url":"https:\/\/hausarzt-zietenterrassen.de\/wp-content\/uploads\/2019\/08\/cropped-cropped-Logo_Fischer_1c_ohneText-2.png","contentUrl":"https:\/\/hausarzt-zietenterrassen.de\/wp-content\/uploads\/2019\/08\/cropped-cropped-Logo_Fischer_1c_ohneText-2.png","width":512,"height":372,"caption":"Ihre Hausarztpraxis auf den Zietenterrassen"},"image":{"@id":"https:\/\/hausarzt-zietenterrassen.de\/#\/schema\/logo\/image\/"}}]}},"jetpack_sharing_enabled":true,"_links":{"self":[{"href":"https:\/\/hausarzt-zietenterrassen.de\/index.php?rest_route=\/wp\/v2\/pages\/62","targetHints":{"allow":["GET"]}}],"collection":[{"href":"https:\/\/hausarzt-zietenterrassen.de\/index.php?rest_route=\/wp\/v2\/pages"}],"about":[{"href":"https:\/\/hausarzt-zietenterrassen.de\/index.php?rest_route=\/wp\/v2\/types\/page"}],"author":[{"embeddable":true,"href":"https:\/\/hausarzt-zietenterrassen.de\/index.php?rest_route=\/wp\/v2\/users\/1"}],"replies":[{"embeddable":true,"href":"https:\/\/hausarzt-zietenterrassen.de\/index.php?rest_route=%2Fwp%2Fv2%2Fcomments&post=62"}],"version-history":[{"count":5,"href":"https:\/\/hausarzt-zietenterrassen.de\/index.php?rest_route=\/wp\/v2\/pages\/62\/revisions"}],"predecessor-version":[{"id":946,"href":"https:\/\/hausarzt-zietenterrassen.de\/index.php?rest_route=\/wp\/v2\/pages\/62\/revisions\/946"}],"up":[{"embeddable":true,"href":"https:\/\/hausarzt-zietenterrassen.de\/index.php?rest_route=\/wp\/v2\/pages\/60"}],"wp:attachment":[{"href":"https:\/\/hausarzt-zietenterrassen.de\/index.php?rest_route=%2Fwp%2Fv2%2Fmedia&parent=62"}],"curies":[{"name":"wp","href":"https:\/\/api.w.org\/{rel}","templated":true}]}}