{"id":588,"date":"2021-09-02T19:19:38","date_gmt":"2021-09-02T19:19:38","guid":{"rendered":"http:\/\/hausarzt-zietenterrassen.de\/?page_id=588"},"modified":"2025-12-20T08:52:42","modified_gmt":"2025-12-20T08:52:42","slug":"blog","status":"publish","type":"page","link":"https:\/\/hausarzt-zietenterrassen.de\/?page_id=588","title":{"rendered":"Blog"},"content":{"rendered":"<ul class=\"wp-block-latest-posts__list wp-block-latest-posts\"><li><a class=\"wp-block-latest-posts__post-title\" href=\"https:\/\/hausarzt-zietenterrassen.de\/?p=1124\">Abnehmspritze und N\u00e4hrstoffe \u2013 worauf Sie achten sollten<\/a><\/li>\n<li><a class=\"wp-block-latest-posts__post-title\" href=\"https:\/\/hausarzt-zietenterrassen.de\/?p=1102\">Zink -wichtig f\u00fcr den K\u00f6rper, aber kein Wundermittel<\/a><\/li>\n<li><a class=\"wp-block-latest-posts__post-title\" href=\"https:\/\/hausarzt-zietenterrassen.de\/?p=748\">Online-Termine<\/a><\/li>\n<li><a class=\"wp-block-latest-posts__post-title\" href=\"https:\/\/hausarzt-zietenterrassen.de\/?p=796\">Vitamin D und das Herz: Neue Studie zeigt m\u00f6gliche Zusammenh\u00e4nge f\u00fcr \u00e4ltere Erwachsene<\/a><\/li>\n<li><a class=\"wp-block-latest-posts__post-title\" href=\"https:\/\/hausarzt-zietenterrassen.de\/?p=1065\">Johanniskraut bei Depression \u2013 was sagt die Wissenschaft?<\/a><\/li>\n<\/ul>\n\n\n<p class=\"wp-block-paragraph\"><\/p>\n","protected":false},"excerpt":{"rendered":"","protected":false},"author":1,"featured_media":1072,"parent":0,"menu_order":0,"comment_status":"closed","ping_status":"closed","template":"","meta":{"_crdt_document":"","footnotes":""},"class_list":["post-588","page","type-page","status-publish","has-post-thumbnail","hentry"],"yoast_head":"<!-- This site is optimized with the Yoast SEO plugin v27.5 - https:\/\/yoast.com\/product\/yoast-seo-wordpress\/ -->\n<title>Blog - Ihre Hausarztpraxis auf den Zietenterrassen<\/title>\n<meta name=\"robots\" content=\"index, follow, max-snippet:-1, max-image-preview:large, max-video-preview:-1\" \/>\n<link rel=\"canonical\" href=\"https:\/\/hausarzt-zietenterrassen.de\/?page_id=588\" \/>\n<meta property=\"og:locale\" content=\"de_DE\" \/>\n<meta property=\"og:type\" content=\"article\" \/>\n<meta property=\"og:title\" content=\"Blog - Ihre Hausarztpraxis auf den Zietenterrassen\" \/>\n<meta property=\"og:url\" content=\"https:\/\/hausarzt-zietenterrassen.de\/?page_id=588\" \/>\n<meta property=\"og:site_name\" content=\"Ihre Hausarztpraxis auf den Zietenterrassen\" \/>\n<meta property=\"article:modified_time\" content=\"2025-12-20T08:52:42+00:00\" \/>\n<meta property=\"og:image\" content=\"https:\/\/hausarzt-zietenterrassen.de\/wp-content\/uploads\/2025\/12\/5bac51b3-795c-4b4e-9f87-238e2a7613f8-md.jpeg\" \/>\n\t<meta property=\"og:image:width\" content=\"800\" \/>\n\t<meta property=\"og:image:height\" content=\"533\" \/>\n\t<meta property=\"og:image:type\" content=\"image\/jpeg\" \/>\n<meta name=\"twitter:card\" content=\"summary_large_image\" \/>\n<meta name=\"twitter:label1\" content=\"Gesch\u00e4tzte Lesezeit\" \/>\n\t<meta name=\"twitter:data1\" content=\"1\u00a0Minute\" \/>\n<script type=\"application\/ld+json\" class=\"yoast-schema-graph\">{\"@context\":\"https:\\\/\\\/schema.org\",\"@graph\":[{\"@type\":[\"WebPage\",\"CollectionPage\"],\"@id\":\"https:\\\/\\\/hausarzt-zietenterrassen.de\\\/?page_id=588\",\"url\":\"https:\\\/\\\/hausarzt-zietenterrassen.de\\\/?page_id=588\",\"name\":\"Blog - Ihre Hausarztpraxis auf den Zietenterrassen\",\"isPartOf\":{\"@id\":\"https:\\\/\\\/hausarzt-zietenterrassen.de\\\/#website\"},\"primaryImageOfPage\":{\"@id\":\"https:\\\/\\\/hausarzt-zietenterrassen.de\\\/?page_id=588#primaryimage\"},\"image\":{\"@id\":\"https:\\\/\\\/hausarzt-zietenterrassen.de\\\/?page_id=588#primaryimage\"},\"thumbnailUrl\":\"https:\\\/\\\/hausarzt-zietenterrassen.de\\\/wp-content\\\/uploads\\\/2025\\\/12\\\/5bac51b3-795c-4b4e-9f87-238e2a7613f8-md.jpeg\",\"datePublished\":\"2021-09-02T19:19:38+00:00\",\"dateModified\":\"2025-12-20T08:52:42+00:00\",\"breadcrumb\":{\"@id\":\"https:\\\/\\\/hausarzt-zietenterrassen.de\\\/?page_id=588#breadcrumb\"},\"inLanguage\":\"de\"},{\"@type\":\"ImageObject\",\"inLanguage\":\"de\",\"@id\":\"https:\\\/\\\/hausarzt-zietenterrassen.de\\\/?page_id=588#primaryimage\",\"url\":\"https:\\\/\\\/hausarzt-zietenterrassen.de\\\/wp-content\\\/uploads\\\/2025\\\/12\\\/5bac51b3-795c-4b4e-9f87-238e2a7613f8-md.jpeg\",\"contentUrl\":\"https:\\\/\\\/hausarzt-zietenterrassen.de\\\/wp-content\\\/uploads\\\/2025\\\/12\\\/5bac51b3-795c-4b4e-9f87-238e2a7613f8-md.jpeg\",\"width\":800,\"height\":533},{\"@type\":\"BreadcrumbList\",\"@id\":\"https:\\\/\\\/hausarzt-zietenterrassen.de\\\/?page_id=588#breadcrumb\",\"itemListElement\":[{\"@type\":\"ListItem\",\"position\":1,\"name\":\"Startseite\",\"item\":\"https:\\\/\\\/hausarzt-zietenterrassen.de\\\/?page_id=645\"},{\"@type\":\"ListItem\",\"position\":2,\"name\":\"Blog\"}]},{\"@type\":\"WebSite\",\"@id\":\"https:\\\/\\\/hausarzt-zietenterrassen.de\\\/#website\",\"url\":\"https:\\\/\\\/hausarzt-zietenterrassen.de\\\/\",\"name\":\"Ihre Hausarztpraxis auf den Zietenterrassen\",\"description\":\"Ihre Hausarztpraxis auf den Zietenterrassen. Pers\u00f6nlich. Nah. Vertrauensvoll.\",\"publisher\":{\"@id\":\"https:\\\/\\\/hausarzt-zietenterrassen.de\\\/#organization\"},\"potentialAction\":[{\"@type\":\"SearchAction\",\"target\":{\"@type\":\"EntryPoint\",\"urlTemplate\":\"https:\\\/\\\/hausarzt-zietenterrassen.de\\\/?s={search_term_string}\"},\"query-input\":{\"@type\":\"PropertyValueSpecification\",\"valueRequired\":true,\"valueName\":\"search_term_string\"}}],\"inLanguage\":\"de\"},{\"@type\":\"Organization\",\"@id\":\"https:\\\/\\\/hausarzt-zietenterrassen.de\\\/#organization\",\"name\":\"Ihre Hausarztpraxis auf den Zietenterrassen\",\"url\":\"https:\\\/\\\/hausarzt-zietenterrassen.de\\\/\",\"logo\":{\"@type\":\"ImageObject\",\"inLanguage\":\"de\",\"@id\":\"https:\\\/\\\/hausarzt-zietenterrassen.de\\\/#\\\/schema\\\/logo\\\/image\\\/\",\"url\":\"https:\\\/\\\/hausarzt-zietenterrassen.de\\\/wp-content\\\/uploads\\\/2019\\\/08\\\/cropped-cropped-Logo_Fischer_1c_ohneText-2.png\",\"contentUrl\":\"https:\\\/\\\/hausarzt-zietenterrassen.de\\\/wp-content\\\/uploads\\\/2019\\\/08\\\/cropped-cropped-Logo_Fischer_1c_ohneText-2.png\",\"width\":512,\"height\":372,\"caption\":\"Ihre Hausarztpraxis auf den Zietenterrassen\"},\"image\":{\"@id\":\"https:\\\/\\\/hausarzt-zietenterrassen.de\\\/#\\\/schema\\\/logo\\\/image\\\/\"}}]}<\/script>\n<!-- \/ Yoast SEO plugin. -->","yoast_head_json":{"title":"Blog - Ihre Hausarztpraxis auf den Zietenterrassen","robots":{"index":"index","follow":"follow","max-snippet":"max-snippet:-1","max-image-preview":"max-image-preview:large","max-video-preview":"max-video-preview:-1"},"canonical":"https:\/\/hausarzt-zietenterrassen.de\/?page_id=588","og_locale":"de_DE","og_type":"article","og_title":"Blog - Ihre Hausarztpraxis auf den Zietenterrassen","og_url":"https:\/\/hausarzt-zietenterrassen.de\/?page_id=588","og_site_name":"Ihre Hausarztpraxis auf den Zietenterrassen","article_modified_time":"2025-12-20T08:52:42+00:00","og_image":[{"width":800,"height":533,"url":"https:\/\/hausarzt-zietenterrassen.de\/wp-content\/uploads\/2025\/12\/5bac51b3-795c-4b4e-9f87-238e2a7613f8-md.jpeg","type":"image\/jpeg"}],"twitter_card":"summary_large_image","twitter_misc":{"Gesch\u00e4tzte Lesezeit":"1\u00a0Minute"},"schema":{"@context":"https:\/\/schema.org","@graph":[{"@type":["WebPage","CollectionPage"],"@id":"https:\/\/hausarzt-zietenterrassen.de\/?page_id=588","url":"https:\/\/hausarzt-zietenterrassen.de\/?page_id=588","name":"Blog - Ihre Hausarztpraxis auf den Zietenterrassen","isPartOf":{"@id":"https:\/\/hausarzt-zietenterrassen.de\/#website"},"primaryImageOfPage":{"@id":"https:\/\/hausarzt-zietenterrassen.de\/?page_id=588#primaryimage"},"image":{"@id":"https:\/\/hausarzt-zietenterrassen.de\/?page_id=588#primaryimage"},"thumbnailUrl":"https:\/\/hausarzt-zietenterrassen.de\/wp-content\/uploads\/2025\/12\/5bac51b3-795c-4b4e-9f87-238e2a7613f8-md.jpeg","datePublished":"2021-09-02T19:19:38+00:00","dateModified":"2025-12-20T08:52:42+00:00","breadcrumb":{"@id":"https:\/\/hausarzt-zietenterrassen.de\/?page_id=588#breadcrumb"},"inLanguage":"de"},{"@type":"ImageObject","inLanguage":"de","@id":"https:\/\/hausarzt-zietenterrassen.de\/?page_id=588#primaryimage","url":"https:\/\/hausarzt-zietenterrassen.de\/wp-content\/uploads\/2025\/12\/5bac51b3-795c-4b4e-9f87-238e2a7613f8-md.jpeg","contentUrl":"https:\/\/hausarzt-zietenterrassen.de\/wp-content\/uploads\/2025\/12\/5bac51b3-795c-4b4e-9f87-238e2a7613f8-md.jpeg","width":800,"height":533},{"@type":"BreadcrumbList","@id":"https:\/\/hausarzt-zietenterrassen.de\/?page_id=588#breadcrumb","itemListElement":[{"@type":"ListItem","position":1,"name":"Startseite","item":"https:\/\/hausarzt-zietenterrassen.de\/?page_id=645"},{"@type":"ListItem","position":2,"name":"Blog"}]},{"@type":"WebSite","@id":"https:\/\/hausarzt-zietenterrassen.de\/#website","url":"https:\/\/hausarzt-zietenterrassen.de\/","name":"Ihre Hausarztpraxis auf den Zietenterrassen","description":"Ihre Hausarztpraxis auf den Zietenterrassen. Pers\u00f6nlich. Nah. Vertrauensvoll.","publisher":{"@id":"https:\/\/hausarzt-zietenterrassen.de\/#organization"},"potentialAction":[{"@type":"SearchAction","target":{"@type":"EntryPoint","urlTemplate":"https:\/\/hausarzt-zietenterrassen.de\/?s={search_term_string}"},"query-input":{"@type":"PropertyValueSpecification","valueRequired":true,"valueName":"search_term_string"}}],"inLanguage":"de"},{"@type":"Organization","@id":"https:\/\/hausarzt-zietenterrassen.de\/#organization","name":"Ihre Hausarztpraxis auf den Zietenterrassen","url":"https:\/\/hausarzt-zietenterrassen.de\/","logo":{"@type":"ImageObject","inLanguage":"de","@id":"https:\/\/hausarzt-zietenterrassen.de\/#\/schema\/logo\/image\/","url":"https:\/\/hausarzt-zietenterrassen.de\/wp-content\/uploads\/2019\/08\/cropped-cropped-Logo_Fischer_1c_ohneText-2.png","contentUrl":"https:\/\/hausarzt-zietenterrassen.de\/wp-content\/uploads\/2019\/08\/cropped-cropped-Logo_Fischer_1c_ohneText-2.png","width":512,"height":372,"caption":"Ihre Hausarztpraxis auf den Zietenterrassen"},"image":{"@id":"https:\/\/hausarzt-zietenterrassen.de\/#\/schema\/logo\/image\/"}}]}},"jetpack_sharing_enabled":true,"_links":{"self":[{"href":"https:\/\/hausarzt-zietenterrassen.de\/index.php?rest_route=\/wp\/v2\/pages\/588","targetHints":{"allow":["GET"]}}],"collection":[{"href":"https:\/\/hausarzt-zietenterrassen.de\/index.php?rest_route=\/wp\/v2\/pages"}],"about":[{"href":"https:\/\/hausarzt-zietenterrassen.de\/index.php?rest_route=\/wp\/v2\/types\/page"}],"author":[{"embeddable":true,"href":"https:\/\/hausarzt-zietenterrassen.de\/index.php?rest_route=\/wp\/v2\/users\/1"}],"replies":[{"embeddable":true,"href":"https:\/\/hausarzt-zietenterrassen.de\/index.php?rest_route=%2Fwp%2Fv2%2Fcomments&post=588"}],"version-history":[{"count":2,"href":"https:\/\/hausarzt-zietenterrassen.de\/index.php?rest_route=\/wp\/v2\/pages\/588\/revisions"}],"predecessor-version":[{"id":596,"href":"https:\/\/hausarzt-zietenterrassen.de\/index.php?rest_route=\/wp\/v2\/pages\/588\/revisions\/596"}],"wp:featuredmedia":[{"embeddable":true,"href":"https:\/\/hausarzt-zietenterrassen.de\/index.php?rest_route=\/wp\/v2\/media\/1072"}],"wp:attachment":[{"href":"https:\/\/hausarzt-zietenterrassen.de\/index.php?rest_route=%2Fwp%2Fv2%2Fmedia&parent=588"}],"curies":[{"name":"wp","href":"https:\/\/api.w.org\/{rel}","templated":true}]}}