{"id":57,"date":"2019-08-24T20:41:01","date_gmt":"2019-08-24T20:41:01","guid":{"rendered":"http:\/\/hausarzt-zietenterrassen.de\/?page_id=57"},"modified":"2025-06-28T16:01:37","modified_gmt":"2025-06-28T16:01:37","slug":"leistungen","status":"publish","type":"page","link":"https:\/\/hausarzt-zietenterrassen.de\/?page_id=57","title":{"rendered":"Leistungen"},"content":{"rendered":"\n<p class=\"wp-block-paragraph\" id=\"Haus\u00e4rztliche-Versorgung\"><strong>Haus\u00e4rztliche Versorgung<\/strong><\/p>\n\n\n\n<p class=\"wp-block-paragraph\">Die haus\u00e4rztliche Versorgung ist das Kernst\u00fcck unserer T\u00e4tigkeit. Darunter verstehen wir als Praxisteam:<\/p>\n\n\n\n<ul class=\"wp-block-list\">\n<li>Wir f\u00fcr Sie hier vor Ort pr\u00e4sent und ansprechbar sind.<\/li>\n\n\n\n<li>Sie bei dem Weg durch das immer komplizierter werdende Netz der Medizin begleiten.<\/li>\n\n\n\n<li>Sie bei schweren Krankheiten oder Gehbehinderung zu Hause aufsuchen.<\/li>\n\n\n\n<li>Sie im Pflegeheim vor Ort weiterbehandeln, wenn Sie dies w\u00fcnschen.<\/li>\n\n\n\n<li>Sie beim Sterben nicht allein lassen. Wir bieten haus\u00e4rztliche Begleitung sowohl in ihrer h\u00e4uslichen Umgebung als auch im Hospiz an. Dabei stehen wir ihnen auch&nbsp;nachts zur Verf\u00fcgung.<\/li>\n<\/ul>\n\n\n\n<p class=\"Pr\u00e4ventionsleistungen wp-block-paragraph\"><strong>Pr\u00e4ventionsleistungen<\/strong><\/p>\n\n\n\n<ul class=\"wp-block-list\">\n<li>Impfberatung (bitte beachten: Reise-Impfberatungen sind keine Leistung der gesetzlichen Krankenkassen, Impfungen selbst werden aber meist von den Kassen erstattet)<\/li>\n\n\n\n<li>Check-Up (ab dem 35. Lebensjahr alle <em>3 Jahre<\/em> auf Kassenkosten)\u00a0<\/li>\n\n\n\n<li>Hautkrebsvorsorge ab dem 35. Lebensjahr alle 2 Jahre<\/li>\n\n\n\n<li>Krebsvorsorge (j\u00e4hrl. f\u00fcr M\u00e4nner ab 45 J.)<\/li>\n\n\n\n<li>Jugendschutzuntersuchungen (J1)<\/li>\n<\/ul>\n\n\n\n<p class=\"wp-block-paragraph\" id=\"Technische-Leistungen\"><strong>Technische Leistungen<\/strong><\/p>\n\n\n\n<ul class=\"wp-block-list\">\n<li>EKG, Langzeit-EKG<\/li>\n\n\n\n<li>Langzeitblutdruck-Messung<\/li>\n\n\n\n<li>Ergometrie<\/li>\n\n\n\n<li>Lungenfunktion (Spirometrie)<\/li>\n\n\n\n<li>Ultraschall (u.a. der Bauchorgane, Schilddr\u00fcse, Beinvenen)<\/li>\n\n\n\n<li>Doppleruntersuchungen der Beingef\u00e4\u00dfe<\/li>\n\n\n\n<li>Laboruntersuchungen<\/li>\n<\/ul>\n\n\n\n<p class=\"wp-block-paragraph\" id=\"Applied-Kinesiologie\"><strong>Applied Kinesiologie<\/strong><\/p>\n\n\n\n<p class=\"wp-block-paragraph\"><a href=\"https:\/\/hausarzt-zietenterrassen.de\/?page_id=282\">Frau Dr. Focke<\/a> verf\u00fcgt \u00fcber ein Diplom in Applied Kinesiologie der Dt. \u00c4rztegesellschaft f\u00fcr Applied Kinesiologie (D\u00c4GAK). Dieses Verfahren kann u.a. bei Blockaden der Wirbels\u00e4ule und Schmerzen der Gelenke angewendet werden. Die gesetzlichen Krankenkassen \u00fcbernehmen die Kosten derzeit nicht. Eine Behandlung dauert ca. 30 Minuten und wird nach Geb\u00fchrenordnung f\u00fcr \u00c4rzte berechnet (50\u20ac). Termine hierzu erhalten Sie \u00fcber die Praxis.<\/p>\n\n\n\n<figure class=\"wp-block-image size-large\"><img loading=\"lazy\" decoding=\"async\" width=\"1024\" height=\"768\" src=\"https:\/\/hausarzt-zietenterrassen.de\/wp-content\/uploads\/2020\/01\/IMG_3074-1024x768.jpeg\" alt=\"Dr. Fischer bei einer Sonographie-Untersuchung des Bauches.\" class=\"wp-image-233\" srcset=\"https:\/\/hausarzt-zietenterrassen.de\/wp-content\/uploads\/2020\/01\/IMG_3074-1024x768.jpeg 1024w, https:\/\/hausarzt-zietenterrassen.de\/wp-content\/uploads\/2020\/01\/IMG_3074-300x225.jpeg 300w, https:\/\/hausarzt-zietenterrassen.de\/wp-content\/uploads\/2020\/01\/IMG_3074-768x576.jpeg 768w, https:\/\/hausarzt-zietenterrassen.de\/wp-content\/uploads\/2020\/01\/IMG_3074-1536x1152.jpeg 1536w, https:\/\/hausarzt-zietenterrassen.de\/wp-content\/uploads\/2020\/01\/IMG_3074-2048x1536.jpeg 2048w\" sizes=\"auto, (max-width: 1024px) 100vw, 1024px\" \/><figcaption class=\"wp-element-caption\">Dr. Fischer bei der Sonographie<\/figcaption><\/figure>\n","protected":false},"excerpt":{"rendered":"<p>Haus\u00e4rztliche Versorgung Die haus\u00e4rztliche Versorgung ist das Kernst\u00fcck unserer T\u00e4tigkeit. Darunter verstehen wir als Praxisteam: Pr\u00e4ventionsleistungen Technische Leistungen Applied Kinesiologie Frau Dr. Focke verf\u00fcgt \u00fcber ein Diplom in Applied Kinesiologie der Dt. \u00c4rztegesellschaft f\u00fcr Applied Kinesiologie (D\u00c4GAK). Dieses Verfahren kann u.a. bei Blockaden der Wirbels\u00e4ule und Schmerzen der Gelenke angewendet [&hellip;]<\/p>\n","protected":false},"author":1,"featured_media":0,"parent":0,"menu_order":0,"comment_status":"closed","ping_status":"closed","template":"","meta":{"_crdt_document":"","footnotes":""},"class_list":["post-57","page","type-page","status-publish","hentry"],"yoast_head":"<!-- This site is optimized with the Yoast SEO plugin v27.5 - https:\/\/yoast.com\/product\/yoast-seo-wordpress\/ -->\n<title>Leistungen - Ihre Hausarztpraxis auf den Zietenterrassen<\/title>\n<meta name=\"robots\" content=\"index, follow, max-snippet:-1, max-image-preview:large, max-video-preview:-1\" \/>\n<link rel=\"canonical\" href=\"https:\/\/hausarzt-zietenterrassen.de\/?page_id=57\" \/>\n<meta property=\"og:locale\" content=\"de_DE\" \/>\n<meta property=\"og:type\" content=\"article\" \/>\n<meta property=\"og:title\" content=\"Leistungen - Ihre Hausarztpraxis auf den Zietenterrassen\" \/>\n<meta property=\"og:description\" content=\"Haus\u00e4rztliche Versorgung Die haus\u00e4rztliche Versorgung ist das Kernst\u00fcck unserer T\u00e4tigkeit. Darunter verstehen wir als Praxisteam: Pr\u00e4ventionsleistungen Technische Leistungen Applied Kinesiologie Frau Dr. Focke verf\u00fcgt \u00fcber ein Diplom in Applied Kinesiologie der Dt. \u00c4rztegesellschaft f\u00fcr Applied Kinesiologie (D\u00c4GAK). Dieses Verfahren kann u.a. bei Blockaden der Wirbels\u00e4ule und Schmerzen der Gelenke angewendet [&hellip;]\" \/>\n<meta property=\"og:url\" content=\"https:\/\/hausarzt-zietenterrassen.de\/?page_id=57\" \/>\n<meta property=\"og:site_name\" content=\"Ihre Hausarztpraxis auf den Zietenterrassen\" \/>\n<meta property=\"article:modified_time\" content=\"2025-06-28T16:01:37+00:00\" \/>\n<meta property=\"og:image\" content=\"http:\/\/hausarzt-zietenterrassen.de\/wp-content\/uploads\/2020\/01\/IMG_3074-1024x768.jpeg\" \/>\n<meta name=\"twitter:card\" content=\"summary_large_image\" \/>\n<meta name=\"twitter:label1\" content=\"Gesch\u00e4tzte Lesezeit\" \/>\n\t<meta name=\"twitter:data1\" content=\"2\u00a0Minuten\" \/>\n<script type=\"application\/ld+json\" class=\"yoast-schema-graph\">{\"@context\":\"https:\\\/\\\/schema.org\",\"@graph\":[{\"@type\":\"WebPage\",\"@id\":\"https:\\\/\\\/hausarzt-zietenterrassen.de\\\/?page_id=57\",\"url\":\"https:\\\/\\\/hausarzt-zietenterrassen.de\\\/?page_id=57\",\"name\":\"Leistungen - Ihre Hausarztpraxis auf den Zietenterrassen\",\"isPartOf\":{\"@id\":\"https:\\\/\\\/hausarzt-zietenterrassen.de\\\/#website\"},\"primaryImageOfPage\":{\"@id\":\"https:\\\/\\\/hausarzt-zietenterrassen.de\\\/?page_id=57#primaryimage\"},\"image\":{\"@id\":\"https:\\\/\\\/hausarzt-zietenterrassen.de\\\/?page_id=57#primaryimage\"},\"thumbnailUrl\":\"http:\\\/\\\/hausarzt-zietenterrassen.de\\\/wp-content\\\/uploads\\\/2020\\\/01\\\/IMG_3074-1024x768.jpeg\",\"datePublished\":\"2019-08-24T20:41:01+00:00\",\"dateModified\":\"2025-06-28T16:01:37+00:00\",\"breadcrumb\":{\"@id\":\"https:\\\/\\\/hausarzt-zietenterrassen.de\\\/?page_id=57#breadcrumb\"},\"inLanguage\":\"de\",\"potentialAction\":[{\"@type\":\"ReadAction\",\"target\":[\"https:\\\/\\\/hausarzt-zietenterrassen.de\\\/?page_id=57\"]}]},{\"@type\":\"ImageObject\",\"inLanguage\":\"de\",\"@id\":\"https:\\\/\\\/hausarzt-zietenterrassen.de\\\/?page_id=57#primaryimage\",\"url\":\"http:\\\/\\\/hausarzt-zietenterrassen.de\\\/wp-content\\\/uploads\\\/2020\\\/01\\\/IMG_3074-1024x768.jpeg\",\"contentUrl\":\"http:\\\/\\\/hausarzt-zietenterrassen.de\\\/wp-content\\\/uploads\\\/2020\\\/01\\\/IMG_3074-1024x768.jpeg\"},{\"@type\":\"BreadcrumbList\",\"@id\":\"https:\\\/\\\/hausarzt-zietenterrassen.de\\\/?page_id=57#breadcrumb\",\"itemListElement\":[{\"@type\":\"ListItem\",\"position\":1,\"name\":\"Startseite\",\"item\":\"https:\\\/\\\/hausarzt-zietenterrassen.de\\\/?page_id=645\"},{\"@type\":\"ListItem\",\"position\":2,\"name\":\"Leistungen\"}]},{\"@type\":\"WebSite\",\"@id\":\"https:\\\/\\\/hausarzt-zietenterrassen.de\\\/#website\",\"url\":\"https:\\\/\\\/hausarzt-zietenterrassen.de\\\/\",\"name\":\"Ihre Hausarztpraxis auf den Zietenterrassen\",\"description\":\"Ihre Hausarztpraxis auf den Zietenterrassen. Pers\u00f6nlich. Nah. Vertrauensvoll.\",\"publisher\":{\"@id\":\"https:\\\/\\\/hausarzt-zietenterrassen.de\\\/#organization\"},\"potentialAction\":[{\"@type\":\"SearchAction\",\"target\":{\"@type\":\"EntryPoint\",\"urlTemplate\":\"https:\\\/\\\/hausarzt-zietenterrassen.de\\\/?s={search_term_string}\"},\"query-input\":{\"@type\":\"PropertyValueSpecification\",\"valueRequired\":true,\"valueName\":\"search_term_string\"}}],\"inLanguage\":\"de\"},{\"@type\":\"Organization\",\"@id\":\"https:\\\/\\\/hausarzt-zietenterrassen.de\\\/#organization\",\"name\":\"Ihre Hausarztpraxis auf den Zietenterrassen\",\"url\":\"https:\\\/\\\/hausarzt-zietenterrassen.de\\\/\",\"logo\":{\"@type\":\"ImageObject\",\"inLanguage\":\"de\",\"@id\":\"https:\\\/\\\/hausarzt-zietenterrassen.de\\\/#\\\/schema\\\/logo\\\/image\\\/\",\"url\":\"https:\\\/\\\/hausarzt-zietenterrassen.de\\\/wp-content\\\/uploads\\\/2019\\\/08\\\/cropped-cropped-Logo_Fischer_1c_ohneText-2.png\",\"contentUrl\":\"https:\\\/\\\/hausarzt-zietenterrassen.de\\\/wp-content\\\/uploads\\\/2019\\\/08\\\/cropped-cropped-Logo_Fischer_1c_ohneText-2.png\",\"width\":512,\"height\":372,\"caption\":\"Ihre Hausarztpraxis auf den Zietenterrassen\"},\"image\":{\"@id\":\"https:\\\/\\\/hausarzt-zietenterrassen.de\\\/#\\\/schema\\\/logo\\\/image\\\/\"}}]}<\/script>\n<!-- \/ Yoast SEO plugin. -->","yoast_head_json":{"title":"Leistungen - Ihre Hausarztpraxis auf den Zietenterrassen","robots":{"index":"index","follow":"follow","max-snippet":"max-snippet:-1","max-image-preview":"max-image-preview:large","max-video-preview":"max-video-preview:-1"},"canonical":"https:\/\/hausarzt-zietenterrassen.de\/?page_id=57","og_locale":"de_DE","og_type":"article","og_title":"Leistungen - Ihre Hausarztpraxis auf den Zietenterrassen","og_description":"Haus\u00e4rztliche Versorgung Die haus\u00e4rztliche Versorgung ist das Kernst\u00fcck unserer T\u00e4tigkeit. Darunter verstehen wir als Praxisteam: Pr\u00e4ventionsleistungen Technische Leistungen Applied Kinesiologie Frau Dr. Focke verf\u00fcgt \u00fcber ein Diplom in Applied Kinesiologie der Dt. \u00c4rztegesellschaft f\u00fcr Applied Kinesiologie (D\u00c4GAK). Dieses Verfahren kann u.a. bei Blockaden der Wirbels\u00e4ule und Schmerzen der Gelenke angewendet [&hellip;]","og_url":"https:\/\/hausarzt-zietenterrassen.de\/?page_id=57","og_site_name":"Ihre Hausarztpraxis auf den Zietenterrassen","article_modified_time":"2025-06-28T16:01:37+00:00","og_image":[{"url":"http:\/\/hausarzt-zietenterrassen.de\/wp-content\/uploads\/2020\/01\/IMG_3074-1024x768.jpeg","type":"","width":"","height":""}],"twitter_card":"summary_large_image","twitter_misc":{"Gesch\u00e4tzte Lesezeit":"2\u00a0Minuten"},"schema":{"@context":"https:\/\/schema.org","@graph":[{"@type":"WebPage","@id":"https:\/\/hausarzt-zietenterrassen.de\/?page_id=57","url":"https:\/\/hausarzt-zietenterrassen.de\/?page_id=57","name":"Leistungen - Ihre Hausarztpraxis auf den Zietenterrassen","isPartOf":{"@id":"https:\/\/hausarzt-zietenterrassen.de\/#website"},"primaryImageOfPage":{"@id":"https:\/\/hausarzt-zietenterrassen.de\/?page_id=57#primaryimage"},"image":{"@id":"https:\/\/hausarzt-zietenterrassen.de\/?page_id=57#primaryimage"},"thumbnailUrl":"http:\/\/hausarzt-zietenterrassen.de\/wp-content\/uploads\/2020\/01\/IMG_3074-1024x768.jpeg","datePublished":"2019-08-24T20:41:01+00:00","dateModified":"2025-06-28T16:01:37+00:00","breadcrumb":{"@id":"https:\/\/hausarzt-zietenterrassen.de\/?page_id=57#breadcrumb"},"inLanguage":"de","potentialAction":[{"@type":"ReadAction","target":["https:\/\/hausarzt-zietenterrassen.de\/?page_id=57"]}]},{"@type":"ImageObject","inLanguage":"de","@id":"https:\/\/hausarzt-zietenterrassen.de\/?page_id=57#primaryimage","url":"http:\/\/hausarzt-zietenterrassen.de\/wp-content\/uploads\/2020\/01\/IMG_3074-1024x768.jpeg","contentUrl":"http:\/\/hausarzt-zietenterrassen.de\/wp-content\/uploads\/2020\/01\/IMG_3074-1024x768.jpeg"},{"@type":"BreadcrumbList","@id":"https:\/\/hausarzt-zietenterrassen.de\/?page_id=57#breadcrumb","itemListElement":[{"@type":"ListItem","position":1,"name":"Startseite","item":"https:\/\/hausarzt-zietenterrassen.de\/?page_id=645"},{"@type":"ListItem","position":2,"name":"Leistungen"}]},{"@type":"WebSite","@id":"https:\/\/hausarzt-zietenterrassen.de\/#website","url":"https:\/\/hausarzt-zietenterrassen.de\/","name":"Ihre Hausarztpraxis auf den Zietenterrassen","description":"Ihre Hausarztpraxis auf den Zietenterrassen. Pers\u00f6nlich. Nah. Vertrauensvoll.","publisher":{"@id":"https:\/\/hausarzt-zietenterrassen.de\/#organization"},"potentialAction":[{"@type":"SearchAction","target":{"@type":"EntryPoint","urlTemplate":"https:\/\/hausarzt-zietenterrassen.de\/?s={search_term_string}"},"query-input":{"@type":"PropertyValueSpecification","valueRequired":true,"valueName":"search_term_string"}}],"inLanguage":"de"},{"@type":"Organization","@id":"https:\/\/hausarzt-zietenterrassen.de\/#organization","name":"Ihre Hausarztpraxis auf den Zietenterrassen","url":"https:\/\/hausarzt-zietenterrassen.de\/","logo":{"@type":"ImageObject","inLanguage":"de","@id":"https:\/\/hausarzt-zietenterrassen.de\/#\/schema\/logo\/image\/","url":"https:\/\/hausarzt-zietenterrassen.de\/wp-content\/uploads\/2019\/08\/cropped-cropped-Logo_Fischer_1c_ohneText-2.png","contentUrl":"https:\/\/hausarzt-zietenterrassen.de\/wp-content\/uploads\/2019\/08\/cropped-cropped-Logo_Fischer_1c_ohneText-2.png","width":512,"height":372,"caption":"Ihre Hausarztpraxis auf den Zietenterrassen"},"image":{"@id":"https:\/\/hausarzt-zietenterrassen.de\/#\/schema\/logo\/image\/"}}]}},"jetpack_sharing_enabled":true,"_links":{"self":[{"href":"https:\/\/hausarzt-zietenterrassen.de\/index.php?rest_route=\/wp\/v2\/pages\/57","targetHints":{"allow":["GET"]}}],"collection":[{"href":"https:\/\/hausarzt-zietenterrassen.de\/index.php?rest_route=\/wp\/v2\/pages"}],"about":[{"href":"https:\/\/hausarzt-zietenterrassen.de\/index.php?rest_route=\/wp\/v2\/types\/page"}],"author":[{"embeddable":true,"href":"https:\/\/hausarzt-zietenterrassen.de\/index.php?rest_route=\/wp\/v2\/users\/1"}],"replies":[{"embeddable":true,"href":"https:\/\/hausarzt-zietenterrassen.de\/index.php?rest_route=%2Fwp%2Fv2%2Fcomments&post=57"}],"version-history":[{"count":16,"href":"https:\/\/hausarzt-zietenterrassen.de\/index.php?rest_route=\/wp\/v2\/pages\/57\/revisions"}],"predecessor-version":[{"id":964,"href":"https:\/\/hausarzt-zietenterrassen.de\/index.php?rest_route=\/wp\/v2\/pages\/57\/revisions\/964"}],"wp:attachment":[{"href":"https:\/\/hausarzt-zietenterrassen.de\/index.php?rest_route=%2Fwp%2Fv2%2Fmedia&parent=57"}],"curies":[{"name":"wp","href":"https:\/\/api.w.org\/{rel}","templated":true}]}}