{"id":55,"date":"2019-08-24T20:37:50","date_gmt":"2019-08-24T20:37:50","guid":{"rendered":"http:\/\/hausarzt-zietenterrassen.de\/?page_id=55"},"modified":"2023-10-29T17:19:16","modified_gmt":"2023-10-29T17:19:16","slug":"rezepte-und-ueberweisungen","status":"publish","type":"page","link":"https:\/\/hausarzt-zietenterrassen.de\/?page_id=55","title":{"rendered":"Rezepte und \u00dcberweisungen"},"content":{"rendered":"<p>Ben\u00f6tigen Sie eine \u00dcberweisung oder ein Wiederholungsrezept so k\u00f6nnen Sie diese gerne telefonisch bestellen.<\/p>\n<p>Folge-Rezepte lassen sich am besten \u00fcber unsere <a href=\"https:\/\/hausarzt-zietenterrassen.de\/wp-content\/uploads\/2023\/03\/PatMed-Flyer-fuer-Patienten.pdf\"><strong>Praxis-App &#8222;Patmed&#8220;<\/strong><\/a> bestellen. Den QR-Code zum Freischalten erhalten Sie in der Praxis, eine Anleitung zur Installation auf Ihrem Handy finden Sie <a href=\"https:\/\/hausarzt-zietenterrassen.de\/wp-content\/uploads\/2023\/10\/Patmed-Anleitung.pdf\">hier<\/a>.<\/p>\n<p>Alternativ k\u00f6nnen Sie auch unseren Email-Service nutzen. Die Email lautet <strong>info@hausarzt-zietenterrassen.de<\/strong>. Bitte beachten Sie, dass wir Emails nicht regelm\u00e4\u00dfig bzw. engmaschig lesen!<\/p>\n<p>Unser Praxisteam wird diese Anforderungen bis zur n\u00e4chsten Sprechstunde (entweder am folgenden Nachmittags oder bis zum Folgetag) bearbeiten. In der Patmed App erhalten Sie eine R\u00fcckmeldung, sobald die Rezepte fertig sind. Aufgrund der eRezepte k\u00f6nnen Sie dieses direkt mit Ihrer Krankenkassen-Karte in der Apotheke abholen!<\/p>\n<p>Wir hoffen Ihnen damit\u00a0die Erreichbarkeit unserer Anmeldung und den Service f\u00fcr Sie zu verbessern.<\/p>\n<p>Ihr Praxisteam<\/p>\n","protected":false},"excerpt":{"rendered":"<p>Ben\u00f6tigen Sie eine \u00dcberweisung oder ein Wiederholungsrezept so k\u00f6nnen Sie diese gerne telefonisch bestellen. Folge-Rezepte lassen sich am besten \u00fcber unsere Praxis-App &#8222;Patmed&#8220; bestellen. Den QR-Code zum Freischalten erhalten Sie in der Praxis, eine Anleitung zur Installation auf Ihrem Handy finden Sie hier. Alternativ k\u00f6nnen Sie auch unseren Email-Service nutzen. [&hellip;]<\/p>\n","protected":false},"author":1,"featured_media":0,"parent":0,"menu_order":0,"comment_status":"closed","ping_status":"closed","template":"","meta":{"_crdt_document":"","footnotes":""},"class_list":["post-55","page","type-page","status-publish","hentry"],"yoast_head":"<!-- This site is optimized with the Yoast SEO plugin v27.3 - https:\/\/yoast.com\/product\/yoast-seo-wordpress\/ -->\n<title>Rezepte und \u00dcberweisungen - Ihre Hausarztpraxis auf den Zietenterrassen<\/title>\n<meta name=\"robots\" content=\"index, follow, max-snippet:-1, max-image-preview:large, max-video-preview:-1\" \/>\n<link rel=\"canonical\" href=\"https:\/\/hausarzt-zietenterrassen.de\/?page_id=55\" \/>\n<meta property=\"og:locale\" content=\"de_DE\" \/>\n<meta property=\"og:type\" content=\"article\" \/>\n<meta property=\"og:title\" content=\"Rezepte und \u00dcberweisungen - Ihre Hausarztpraxis auf den Zietenterrassen\" \/>\n<meta property=\"og:description\" content=\"Ben\u00f6tigen Sie eine \u00dcberweisung oder ein Wiederholungsrezept so k\u00f6nnen Sie diese gerne telefonisch bestellen. Folge-Rezepte lassen sich am besten \u00fcber unsere Praxis-App &#8222;Patmed&#8220; bestellen. Den QR-Code zum Freischalten erhalten Sie in der Praxis, eine Anleitung zur Installation auf Ihrem Handy finden Sie hier. Alternativ k\u00f6nnen Sie auch unseren Email-Service nutzen. [&hellip;]\" \/>\n<meta property=\"og:url\" content=\"https:\/\/hausarzt-zietenterrassen.de\/?page_id=55\" \/>\n<meta property=\"og:site_name\" content=\"Ihre Hausarztpraxis auf den Zietenterrassen\" \/>\n<meta property=\"article:modified_time\" content=\"2023-10-29T17:19:16+00:00\" \/>\n<meta name=\"twitter:card\" content=\"summary_large_image\" \/>\n<meta name=\"twitter:label1\" content=\"Gesch\u00e4tzte Lesezeit\" \/>\n\t<meta name=\"twitter:data1\" content=\"1\u00a0Minute\" \/>\n<script type=\"application\/ld+json\" class=\"yoast-schema-graph\">{\"@context\":\"https:\\\/\\\/schema.org\",\"@graph\":[{\"@type\":\"WebPage\",\"@id\":\"https:\\\/\\\/hausarzt-zietenterrassen.de\\\/?page_id=55\",\"url\":\"https:\\\/\\\/hausarzt-zietenterrassen.de\\\/?page_id=55\",\"name\":\"Rezepte und \u00dcberweisungen - Ihre Hausarztpraxis auf den Zietenterrassen\",\"isPartOf\":{\"@id\":\"https:\\\/\\\/hausarzt-zietenterrassen.de\\\/#website\"},\"datePublished\":\"2019-08-24T20:37:50+00:00\",\"dateModified\":\"2023-10-29T17:19:16+00:00\",\"breadcrumb\":{\"@id\":\"https:\\\/\\\/hausarzt-zietenterrassen.de\\\/?page_id=55#breadcrumb\"},\"inLanguage\":\"de\",\"potentialAction\":[{\"@type\":\"ReadAction\",\"target\":[\"https:\\\/\\\/hausarzt-zietenterrassen.de\\\/?page_id=55\"]}]},{\"@type\":\"BreadcrumbList\",\"@id\":\"https:\\\/\\\/hausarzt-zietenterrassen.de\\\/?page_id=55#breadcrumb\",\"itemListElement\":[{\"@type\":\"ListItem\",\"position\":1,\"name\":\"Startseite\",\"item\":\"https:\\\/\\\/hausarzt-zietenterrassen.de\\\/?page_id=645\"},{\"@type\":\"ListItem\",\"position\":2,\"name\":\"Rezepte und \u00dcberweisungen\"}]},{\"@type\":\"WebSite\",\"@id\":\"https:\\\/\\\/hausarzt-zietenterrassen.de\\\/#website\",\"url\":\"https:\\\/\\\/hausarzt-zietenterrassen.de\\\/\",\"name\":\"Ihre Hausarztpraxis auf den Zietenterrassen\",\"description\":\"Ihre Hausarztpraxis auf den Zietenterrassen. Pers\u00f6nlich. Nah. Vertrauensvoll.\",\"publisher\":{\"@id\":\"https:\\\/\\\/hausarzt-zietenterrassen.de\\\/#organization\"},\"potentialAction\":[{\"@type\":\"SearchAction\",\"target\":{\"@type\":\"EntryPoint\",\"urlTemplate\":\"https:\\\/\\\/hausarzt-zietenterrassen.de\\\/?s={search_term_string}\"},\"query-input\":{\"@type\":\"PropertyValueSpecification\",\"valueRequired\":true,\"valueName\":\"search_term_string\"}}],\"inLanguage\":\"de\"},{\"@type\":\"Organization\",\"@id\":\"https:\\\/\\\/hausarzt-zietenterrassen.de\\\/#organization\",\"name\":\"Ihre Hausarztpraxis auf den Zietenterrassen\",\"url\":\"https:\\\/\\\/hausarzt-zietenterrassen.de\\\/\",\"logo\":{\"@type\":\"ImageObject\",\"inLanguage\":\"de\",\"@id\":\"https:\\\/\\\/hausarzt-zietenterrassen.de\\\/#\\\/schema\\\/logo\\\/image\\\/\",\"url\":\"https:\\\/\\\/hausarzt-zietenterrassen.de\\\/wp-content\\\/uploads\\\/2019\\\/08\\\/cropped-cropped-Logo_Fischer_1c_ohneText-2.png\",\"contentUrl\":\"https:\\\/\\\/hausarzt-zietenterrassen.de\\\/wp-content\\\/uploads\\\/2019\\\/08\\\/cropped-cropped-Logo_Fischer_1c_ohneText-2.png\",\"width\":512,\"height\":372,\"caption\":\"Ihre Hausarztpraxis auf den Zietenterrassen\"},\"image\":{\"@id\":\"https:\\\/\\\/hausarzt-zietenterrassen.de\\\/#\\\/schema\\\/logo\\\/image\\\/\"}}]}<\/script>\n<!-- \/ Yoast SEO plugin. -->","yoast_head_json":{"title":"Rezepte und \u00dcberweisungen - Ihre Hausarztpraxis auf den Zietenterrassen","robots":{"index":"index","follow":"follow","max-snippet":"max-snippet:-1","max-image-preview":"max-image-preview:large","max-video-preview":"max-video-preview:-1"},"canonical":"https:\/\/hausarzt-zietenterrassen.de\/?page_id=55","og_locale":"de_DE","og_type":"article","og_title":"Rezepte und \u00dcberweisungen - Ihre Hausarztpraxis auf den Zietenterrassen","og_description":"Ben\u00f6tigen Sie eine \u00dcberweisung oder ein Wiederholungsrezept so k\u00f6nnen Sie diese gerne telefonisch bestellen. Folge-Rezepte lassen sich am besten \u00fcber unsere Praxis-App &#8222;Patmed&#8220; bestellen. Den QR-Code zum Freischalten erhalten Sie in der Praxis, eine Anleitung zur Installation auf Ihrem Handy finden Sie hier. Alternativ k\u00f6nnen Sie auch unseren Email-Service nutzen. [&hellip;]","og_url":"https:\/\/hausarzt-zietenterrassen.de\/?page_id=55","og_site_name":"Ihre Hausarztpraxis auf den Zietenterrassen","article_modified_time":"2023-10-29T17:19:16+00:00","twitter_card":"summary_large_image","twitter_misc":{"Gesch\u00e4tzte Lesezeit":"1\u00a0Minute"},"schema":{"@context":"https:\/\/schema.org","@graph":[{"@type":"WebPage","@id":"https:\/\/hausarzt-zietenterrassen.de\/?page_id=55","url":"https:\/\/hausarzt-zietenterrassen.de\/?page_id=55","name":"Rezepte und \u00dcberweisungen - Ihre Hausarztpraxis auf den Zietenterrassen","isPartOf":{"@id":"https:\/\/hausarzt-zietenterrassen.de\/#website"},"datePublished":"2019-08-24T20:37:50+00:00","dateModified":"2023-10-29T17:19:16+00:00","breadcrumb":{"@id":"https:\/\/hausarzt-zietenterrassen.de\/?page_id=55#breadcrumb"},"inLanguage":"de","potentialAction":[{"@type":"ReadAction","target":["https:\/\/hausarzt-zietenterrassen.de\/?page_id=55"]}]},{"@type":"BreadcrumbList","@id":"https:\/\/hausarzt-zietenterrassen.de\/?page_id=55#breadcrumb","itemListElement":[{"@type":"ListItem","position":1,"name":"Startseite","item":"https:\/\/hausarzt-zietenterrassen.de\/?page_id=645"},{"@type":"ListItem","position":2,"name":"Rezepte und \u00dcberweisungen"}]},{"@type":"WebSite","@id":"https:\/\/hausarzt-zietenterrassen.de\/#website","url":"https:\/\/hausarzt-zietenterrassen.de\/","name":"Ihre Hausarztpraxis auf den Zietenterrassen","description":"Ihre Hausarztpraxis auf den Zietenterrassen. Pers\u00f6nlich. Nah. Vertrauensvoll.","publisher":{"@id":"https:\/\/hausarzt-zietenterrassen.de\/#organization"},"potentialAction":[{"@type":"SearchAction","target":{"@type":"EntryPoint","urlTemplate":"https:\/\/hausarzt-zietenterrassen.de\/?s={search_term_string}"},"query-input":{"@type":"PropertyValueSpecification","valueRequired":true,"valueName":"search_term_string"}}],"inLanguage":"de"},{"@type":"Organization","@id":"https:\/\/hausarzt-zietenterrassen.de\/#organization","name":"Ihre Hausarztpraxis auf den Zietenterrassen","url":"https:\/\/hausarzt-zietenterrassen.de\/","logo":{"@type":"ImageObject","inLanguage":"de","@id":"https:\/\/hausarzt-zietenterrassen.de\/#\/schema\/logo\/image\/","url":"https:\/\/hausarzt-zietenterrassen.de\/wp-content\/uploads\/2019\/08\/cropped-cropped-Logo_Fischer_1c_ohneText-2.png","contentUrl":"https:\/\/hausarzt-zietenterrassen.de\/wp-content\/uploads\/2019\/08\/cropped-cropped-Logo_Fischer_1c_ohneText-2.png","width":512,"height":372,"caption":"Ihre Hausarztpraxis auf den Zietenterrassen"},"image":{"@id":"https:\/\/hausarzt-zietenterrassen.de\/#\/schema\/logo\/image\/"}}]}},"jetpack_sharing_enabled":true,"_links":{"self":[{"href":"https:\/\/hausarzt-zietenterrassen.de\/index.php?rest_route=\/wp\/v2\/pages\/55","targetHints":{"allow":["GET"]}}],"collection":[{"href":"https:\/\/hausarzt-zietenterrassen.de\/index.php?rest_route=\/wp\/v2\/pages"}],"about":[{"href":"https:\/\/hausarzt-zietenterrassen.de\/index.php?rest_route=\/wp\/v2\/types\/page"}],"author":[{"embeddable":true,"href":"https:\/\/hausarzt-zietenterrassen.de\/index.php?rest_route=\/wp\/v2\/users\/1"}],"replies":[{"embeddable":true,"href":"https:\/\/hausarzt-zietenterrassen.de\/index.php?rest_route=%2Fwp%2Fv2%2Fcomments&post=55"}],"version-history":[{"count":5,"href":"https:\/\/hausarzt-zietenterrassen.de\/index.php?rest_route=\/wp\/v2\/pages\/55\/revisions"}],"predecessor-version":[{"id":850,"href":"https:\/\/hausarzt-zietenterrassen.de\/index.php?rest_route=\/wp\/v2\/pages\/55\/revisions\/850"}],"wp:attachment":[{"href":"https:\/\/hausarzt-zietenterrassen.de\/index.php?rest_route=%2Fwp%2Fv2%2Fmedia&parent=55"}],"curies":[{"name":"wp","href":"https:\/\/api.w.org\/{rel}","templated":true}]}}