{"id":53,"date":"2019-08-24T20:33:59","date_gmt":"2019-08-24T20:33:59","guid":{"rendered":"http:\/\/hausarzt-zietenterrassen.de\/?page_id=53"},"modified":"2025-11-16T17:26:55","modified_gmt":"2025-11-16T17:26:55","slug":"termine","status":"publish","type":"page","link":"https:\/\/hausarzt-zietenterrassen.de\/?page_id=53","title":{"rendered":"Anmeldung \/ Termine"},"content":{"rendered":"\n<p class=\"has-black-color has-text-color has-medium-font-size wp-block-paragraph\">Wir f\u00fchren t\u00e4glich eine Terminsprechstunde durch. Hierzu erhalten Sie Termine per\u00a0<a href=\"https:\/\/www.termin-patmed.de\/p\/hausarzt-zietenterrassen\">Online-Terminvergabe\u00a0<\/a>oder telefonisch \u00fcber unseren Telefonassistenten. Bitte sehen Sie davon ab, ohne Termin die Praxis aufzusuchen. Selbstverst\u00e4ndlich gilt dies nicht f\u00fcr akute Notf\u00e4lle!<\/p>\n\n\n\n<p class=\"has-medium-font-size wp-block-paragraph\"><strong>Akutsprechstunden<\/strong> finden vormittags t\u00e4glich ab ca. 11:30 Uhr und nachmittags ab ca. 18:00 Uhr statt. Bitte melden Sie sich unbedingt vorher bei uns telefonisch oder <a href=\"https:\/\/www.termin-patmed.de\/p\/hausarzt-zietenterrassen\">online<\/a> an!<\/p>\n\n\n\n<div class=\"wp-block-buttons is-layout-flex wp-block-buttons-is-layout-flex\">\n<div class=\"wp-block-button\"><a class=\"wp-block-button__link wp-element-button\" href=\"https:\/\/www.termin-patmed.de\/p\/hausarzt-zietenterrassen\">Online-Termine<\/a><\/div>\n<\/div>\n\n\n\n<p class=\"has-accent-color has-text-color has-medium-font-size wp-block-paragraph\">Wir nehmen derzeit (noch) neue Patienten (aus dem Bereich PLZ 37085 + n\u00e4here Umgebung) auf.<\/p>\n\n\n\n<p class=\"wp-block-paragraph\">Nutzen Sie auch gerne unsere\u00a0<a href=\"https:\/\/www.termin-patmed.de\/p\/hausarzt-zietenterrassen\"><strong>Telefon- und Videosprechstunde<\/strong>!<\/a>\u00a0Krankmeldungen k\u00f6nnen Sie hier mit einer Dauer von bis zu 5 (Telefon) und 7 Kalendertagen (Video) erhalten. Auch digitale Rezepte k\u00f6nnen wir so ausstellen. Die Videosprechstunde eignet sich u.a. gut f\u00fcr akute Infekte, bei denen Sie ihre Wohnung nicht verlassen m\u00f6chten, aber auch f\u00fcr kurze Gespr\u00e4che, z.B. Befundbesprechungen. <\/p>\n\n\n\n<p class=\"has-medium-font-size wp-block-paragraph\"><strong>Sprechzeiten<\/strong><\/p>\n\n\n\n<div class=\"wp-block-columns is-layout-flex wp-container-core-columns-is-layout-7387b849 wp-block-columns-is-layout-flex\">\n<div class=\"wp-block-column is-layout-flow wp-block-column-is-layout-flow\" style=\"flex-basis:100%\">\n<figure class=\"wp-block-table\"><table><tbody><tr><td>Montag bis Freitag<\/td><td class=\"has-text-align-left\" data-align=\"left\">  8:30 &#8211; 12:00<\/td><\/tr><tr><td>Dienstag<\/td><td class=\"has-text-align-left\" data-align=\"left\">16:00 &#8211; 18:00<\/td><\/tr><tr><td>Donnerstag<\/td><td class=\"has-text-align-left\" data-align=\"left\">16:00 &#8211; 18:00<\/td><\/tr><\/tbody><\/table><\/figure>\n\n\n\n<p class=\"wp-block-paragraph\">Montags findet die Nachmittagssprechstunde in der Praxis auf dem Holtenser Berg statt (Genfstr. 17a). Sie erreichen uns dort unter 0551-62274. <\/p>\n\n\n\n<div class=\"wp-block-columns is-layout-flex wp-container-core-columns-is-layout-7387b849 wp-block-columns-is-layout-flex\">\n<div class=\"wp-block-column is-layout-flow wp-block-column-is-layout-flow\"><\/div>\n\n\n\n<div class=\"wp-block-column is-layout-flow wp-block-column-is-layout-flow\"><\/div>\n<\/div>\n<\/div>\n<\/div>\n\n\n<p>Praxis-Telefon:\u00a0<strong>0551 &#8211; 79 66 99<\/strong><\/p>\n<p>Praxis-Fax: <strong>0551 &#8211; 79 75 10 30<\/strong><\/p>\n<p>Email-Anfragen: <strong>info@hausarzt-zietenterrassen.de<\/strong><\/p>\n<p>Bitte beachten Sie, dass wir das Email-Postfach nicht zwingend t\u00e4glich lesen. Wichtige Informationen sollten Sie also nicht per Mail erfragen. Laut Arztrecht darf per Mail zudem keine Beratung erfolgen. Die <a href=\"https:\/\/hausarzt-zietenterrassen.de\/?page_id=851\">Patmet App<\/a> ist f\u00fcr den Austausch von Informationen viel besser geeignet.\u00a0<\/p>\n<p>In dringenden Notf\u00e4llen w\u00e4hlen Sie die Nummer der Notzentrale: 112<\/p>\n<p>Au\u00dferhalb der Sprechzeiten wird die Versorgung \u00fcber die Bereitschaftsdienstpraxis im Universit\u00e4tsklinikum gew\u00e4hrleistet sowie \u00fcber den Fahrdienst: Tel.\u00a0116117<\/p>\n\n\n<p class=\"wp-block-paragraph\"><\/p>\n","protected":false},"excerpt":{"rendered":"<p>Wir f\u00fchren t\u00e4glich eine Terminsprechstunde durch. Hierzu erhalten Sie Termine per\u00a0Online-Terminvergabe\u00a0oder telefonisch \u00fcber unseren Telefonassistenten. Bitte sehen Sie davon ab, ohne Termin die Praxis aufzusuchen. Selbstverst\u00e4ndlich gilt dies nicht f\u00fcr akute Notf\u00e4lle! Akutsprechstunden finden vormittags t\u00e4glich ab ca. 11:30 Uhr und nachmittags ab ca. 18:00 Uhr statt. Bitte melden Sie [&hellip;]<\/p>\n","protected":false},"author":1,"featured_media":0,"parent":0,"menu_order":0,"comment_status":"closed","ping_status":"closed","template":"","meta":{"_crdt_document":"","footnotes":""},"class_list":["post-53","page","type-page","status-publish","hentry"],"yoast_head":"<!-- This site is optimized with the Yoast SEO plugin v27.5 - https:\/\/yoast.com\/product\/yoast-seo-wordpress\/ -->\n<title>Anmeldung \/ Termine - Ihre Hausarztpraxis auf den Zietenterrassen<\/title>\n<meta name=\"description\" content=\"Termine\" \/>\n<meta name=\"robots\" content=\"index, follow, max-snippet:-1, max-image-preview:large, max-video-preview:-1\" \/>\n<link rel=\"canonical\" href=\"https:\/\/hausarzt-zietenterrassen.de\/?page_id=53\" \/>\n<meta property=\"og:locale\" content=\"de_DE\" \/>\n<meta property=\"og:type\" content=\"article\" \/>\n<meta property=\"og:title\" content=\"Anmeldung \/ Termine - Ihre Hausarztpraxis auf den Zietenterrassen\" \/>\n<meta property=\"og:description\" content=\"Termine\" \/>\n<meta property=\"og:url\" content=\"https:\/\/hausarzt-zietenterrassen.de\/?page_id=53\" \/>\n<meta property=\"og:site_name\" content=\"Ihre Hausarztpraxis auf den Zietenterrassen\" \/>\n<meta property=\"article:modified_time\" content=\"2025-11-16T17:26:55+00:00\" \/>\n<meta name=\"twitter:card\" content=\"summary_large_image\" \/>\n<meta name=\"twitter:label1\" content=\"Gesch\u00e4tzte Lesezeit\" \/>\n\t<meta name=\"twitter:data1\" content=\"2\u00a0Minuten\" \/>\n<script type=\"application\/ld+json\" class=\"yoast-schema-graph\">{\"@context\":\"https:\\\/\\\/schema.org\",\"@graph\":[{\"@type\":\"WebPage\",\"@id\":\"https:\\\/\\\/hausarzt-zietenterrassen.de\\\/?page_id=53\",\"url\":\"https:\\\/\\\/hausarzt-zietenterrassen.de\\\/?page_id=53\",\"name\":\"Anmeldung \\\/ Termine - Ihre Hausarztpraxis auf den Zietenterrassen\",\"isPartOf\":{\"@id\":\"https:\\\/\\\/hausarzt-zietenterrassen.de\\\/#website\"},\"datePublished\":\"2019-08-24T20:33:59+00:00\",\"dateModified\":\"2025-11-16T17:26:55+00:00\",\"description\":\"Termine\",\"breadcrumb\":{\"@id\":\"https:\\\/\\\/hausarzt-zietenterrassen.de\\\/?page_id=53#breadcrumb\"},\"inLanguage\":\"de\",\"potentialAction\":[{\"@type\":\"ReadAction\",\"target\":[\"https:\\\/\\\/hausarzt-zietenterrassen.de\\\/?page_id=53\"]}]},{\"@type\":\"BreadcrumbList\",\"@id\":\"https:\\\/\\\/hausarzt-zietenterrassen.de\\\/?page_id=53#breadcrumb\",\"itemListElement\":[{\"@type\":\"ListItem\",\"position\":1,\"name\":\"Startseite\",\"item\":\"https:\\\/\\\/hausarzt-zietenterrassen.de\\\/?page_id=645\"},{\"@type\":\"ListItem\",\"position\":2,\"name\":\"Anmeldung \\\/ Termine\"}]},{\"@type\":\"WebSite\",\"@id\":\"https:\\\/\\\/hausarzt-zietenterrassen.de\\\/#website\",\"url\":\"https:\\\/\\\/hausarzt-zietenterrassen.de\\\/\",\"name\":\"Ihre Hausarztpraxis auf den Zietenterrassen\",\"description\":\"Ihre Hausarztpraxis auf den Zietenterrassen. Pers\u00f6nlich. Nah. Vertrauensvoll.\",\"publisher\":{\"@id\":\"https:\\\/\\\/hausarzt-zietenterrassen.de\\\/#organization\"},\"potentialAction\":[{\"@type\":\"SearchAction\",\"target\":{\"@type\":\"EntryPoint\",\"urlTemplate\":\"https:\\\/\\\/hausarzt-zietenterrassen.de\\\/?s={search_term_string}\"},\"query-input\":{\"@type\":\"PropertyValueSpecification\",\"valueRequired\":true,\"valueName\":\"search_term_string\"}}],\"inLanguage\":\"de\"},{\"@type\":\"Organization\",\"@id\":\"https:\\\/\\\/hausarzt-zietenterrassen.de\\\/#organization\",\"name\":\"Ihre Hausarztpraxis auf den Zietenterrassen\",\"url\":\"https:\\\/\\\/hausarzt-zietenterrassen.de\\\/\",\"logo\":{\"@type\":\"ImageObject\",\"inLanguage\":\"de\",\"@id\":\"https:\\\/\\\/hausarzt-zietenterrassen.de\\\/#\\\/schema\\\/logo\\\/image\\\/\",\"url\":\"https:\\\/\\\/hausarzt-zietenterrassen.de\\\/wp-content\\\/uploads\\\/2019\\\/08\\\/cropped-cropped-Logo_Fischer_1c_ohneText-2.png\",\"contentUrl\":\"https:\\\/\\\/hausarzt-zietenterrassen.de\\\/wp-content\\\/uploads\\\/2019\\\/08\\\/cropped-cropped-Logo_Fischer_1c_ohneText-2.png\",\"width\":512,\"height\":372,\"caption\":\"Ihre Hausarztpraxis auf den Zietenterrassen\"},\"image\":{\"@id\":\"https:\\\/\\\/hausarzt-zietenterrassen.de\\\/#\\\/schema\\\/logo\\\/image\\\/\"}}]}<\/script>\n<!-- \/ Yoast SEO plugin. -->","yoast_head_json":{"title":"Anmeldung \/ Termine - Ihre Hausarztpraxis auf den Zietenterrassen","description":"Termine","robots":{"index":"index","follow":"follow","max-snippet":"max-snippet:-1","max-image-preview":"max-image-preview:large","max-video-preview":"max-video-preview:-1"},"canonical":"https:\/\/hausarzt-zietenterrassen.de\/?page_id=53","og_locale":"de_DE","og_type":"article","og_title":"Anmeldung \/ Termine - Ihre Hausarztpraxis auf den Zietenterrassen","og_description":"Termine","og_url":"https:\/\/hausarzt-zietenterrassen.de\/?page_id=53","og_site_name":"Ihre Hausarztpraxis auf den Zietenterrassen","article_modified_time":"2025-11-16T17:26:55+00:00","twitter_card":"summary_large_image","twitter_misc":{"Gesch\u00e4tzte Lesezeit":"2\u00a0Minuten"},"schema":{"@context":"https:\/\/schema.org","@graph":[{"@type":"WebPage","@id":"https:\/\/hausarzt-zietenterrassen.de\/?page_id=53","url":"https:\/\/hausarzt-zietenterrassen.de\/?page_id=53","name":"Anmeldung \/ Termine - Ihre Hausarztpraxis auf den Zietenterrassen","isPartOf":{"@id":"https:\/\/hausarzt-zietenterrassen.de\/#website"},"datePublished":"2019-08-24T20:33:59+00:00","dateModified":"2025-11-16T17:26:55+00:00","description":"Termine","breadcrumb":{"@id":"https:\/\/hausarzt-zietenterrassen.de\/?page_id=53#breadcrumb"},"inLanguage":"de","potentialAction":[{"@type":"ReadAction","target":["https:\/\/hausarzt-zietenterrassen.de\/?page_id=53"]}]},{"@type":"BreadcrumbList","@id":"https:\/\/hausarzt-zietenterrassen.de\/?page_id=53#breadcrumb","itemListElement":[{"@type":"ListItem","position":1,"name":"Startseite","item":"https:\/\/hausarzt-zietenterrassen.de\/?page_id=645"},{"@type":"ListItem","position":2,"name":"Anmeldung \/ Termine"}]},{"@type":"WebSite","@id":"https:\/\/hausarzt-zietenterrassen.de\/#website","url":"https:\/\/hausarzt-zietenterrassen.de\/","name":"Ihre Hausarztpraxis auf den Zietenterrassen","description":"Ihre Hausarztpraxis auf den Zietenterrassen. Pers\u00f6nlich. Nah. Vertrauensvoll.","publisher":{"@id":"https:\/\/hausarzt-zietenterrassen.de\/#organization"},"potentialAction":[{"@type":"SearchAction","target":{"@type":"EntryPoint","urlTemplate":"https:\/\/hausarzt-zietenterrassen.de\/?s={search_term_string}"},"query-input":{"@type":"PropertyValueSpecification","valueRequired":true,"valueName":"search_term_string"}}],"inLanguage":"de"},{"@type":"Organization","@id":"https:\/\/hausarzt-zietenterrassen.de\/#organization","name":"Ihre Hausarztpraxis auf den Zietenterrassen","url":"https:\/\/hausarzt-zietenterrassen.de\/","logo":{"@type":"ImageObject","inLanguage":"de","@id":"https:\/\/hausarzt-zietenterrassen.de\/#\/schema\/logo\/image\/","url":"https:\/\/hausarzt-zietenterrassen.de\/wp-content\/uploads\/2019\/08\/cropped-cropped-Logo_Fischer_1c_ohneText-2.png","contentUrl":"https:\/\/hausarzt-zietenterrassen.de\/wp-content\/uploads\/2019\/08\/cropped-cropped-Logo_Fischer_1c_ohneText-2.png","width":512,"height":372,"caption":"Ihre Hausarztpraxis auf den Zietenterrassen"},"image":{"@id":"https:\/\/hausarzt-zietenterrassen.de\/#\/schema\/logo\/image\/"}}]}},"jetpack_sharing_enabled":true,"_links":{"self":[{"href":"https:\/\/hausarzt-zietenterrassen.de\/index.php?rest_route=\/wp\/v2\/pages\/53","targetHints":{"allow":["GET"]}}],"collection":[{"href":"https:\/\/hausarzt-zietenterrassen.de\/index.php?rest_route=\/wp\/v2\/pages"}],"about":[{"href":"https:\/\/hausarzt-zietenterrassen.de\/index.php?rest_route=\/wp\/v2\/types\/page"}],"author":[{"embeddable":true,"href":"https:\/\/hausarzt-zietenterrassen.de\/index.php?rest_route=\/wp\/v2\/users\/1"}],"replies":[{"embeddable":true,"href":"https:\/\/hausarzt-zietenterrassen.de\/index.php?rest_route=%2Fwp%2Fv2%2Fcomments&post=53"}],"version-history":[{"count":34,"href":"https:\/\/hausarzt-zietenterrassen.de\/index.php?rest_route=\/wp\/v2\/pages\/53\/revisions"}],"predecessor-version":[{"id":1045,"href":"https:\/\/hausarzt-zietenterrassen.de\/index.php?rest_route=\/wp\/v2\/pages\/53\/revisions\/1045"}],"wp:attachment":[{"href":"https:\/\/hausarzt-zietenterrassen.de\/index.php?rest_route=%2Fwp%2Fv2%2Fmedia&parent=53"}],"curies":[{"name":"wp","href":"https:\/\/api.w.org\/{rel}","templated":true}]}}