{"id":51,"date":"2019-08-24T20:32:26","date_gmt":"2019-08-24T20:32:26","guid":{"rendered":"http:\/\/hausarzt-zietenterrassen.de\/?page_id=51"},"modified":"2025-06-28T15:49:34","modified_gmt":"2025-06-28T15:49:34","slug":"impressum-datenschutz","status":"publish","type":"page","link":"https:\/\/hausarzt-zietenterrassen.de\/?page_id=51","title":{"rendered":"Impressum \/ Datenschutz \/ Barrierefreiheit"},"content":{"rendered":"<p>Pflichtangaben nach \u00a75 Telemediengesetz (TMG)<\/p>\n<p>Name: Dr. med. Thomas Fischer und Dr. med. Susanne Fischer GbR<\/p>\n<p>Praxisanschrift: Alfred-Delp-Weg 3, 37085 G\u00f6ttingen<\/p>\n<p>Telefon +49 5 51 \/ 79 66 99<\/p>\n<p>Telefax +49 5 51 \/<\/p>\n<p>E-Mail: info@hausarzt-zietenterrassen.de<\/p>\n<p>Gesetzliche Berufsbezeichnung: Arzt<\/p>\n<p>Staat: Deutschland<\/p>\n<p>\u00c4rztekammer: \u00c4rztekammer Niedersachsen<\/p>\n<p>Berliner Allee 20, 30175 Hannover &#8211; www.aekn.de<\/p>\n<p>Kassen\u00e4rztliche Vereinigung (zust\u00e4ndige Aufsichtsbeh\u00f6rde):<\/p>\n<p>Kassen\u00e4rztliche Vereinigung Niedersachsen<\/p>\n<p>Hauptgesch\u00e4ftsstelle Berliner Allee, 30175 Hannover &#8211; www.kvn.de<\/p>\n<p>Berufsrechtliche Regelungen:<\/p>\n<p>Berufsordnung f\u00fcr die \u00c4rzte Niedersachsens, nachzulesen auf der Website der \u00c4rztekammer Niedersachsen: www.aekn.de<\/p>\n<p>Gem\u00e4\u00df \u00a755 Abs. 2 des RStV zeichnet Dr. med. Thomas Fischer f\u00fcr den redaktionellen Teil verantwortlich.<\/p>\n<p>Haftungsausschluss<br \/>Diese Internetseiten enthalten Links zu anderen Seiten im Internet, auf deren Gestaltung und Inhalte wir keinen Einfluss haben. Wir distanzieren uns deshalb ausdr\u00fccklich von s\u00e4mtlichen Inhalten aller gelinkten Seiten.<br \/>Alle Informationen und Funktionen dieser Internetseiten wurden mit gr\u00f6\u00dfter Sorgfalt kontrolliert, dennoch haftet der Betreiber der Website nicht f\u00fcr Sch\u00e4den, die in Zusammenhang mit der Verwendung dieser Inhalte entstehen k\u00f6nnten.<br \/>Alle Inhalte dieser Internetseiten sind frei vom Einfluss irgendwelcher Sponsoren.<\/p>\n<p>Datenschutzerkl\u00e4rung:<\/p>\n<p>Den Schutz Ihrer pers\u00f6nlichen Daten nehmen wir ernst, auch anl\u00e4sslich Ihres Besuches auf unserer Homepage. Ihre Daten werden so gesch\u00fctzt, wie es die gesetzlichen Vorschriften, insbesondere das Telemediengesetz und das Datenschutzgesetz vorsehen. Nachfolgend finden Sie Informationen, welche Daten w\u00e4hrend Ihres Besuches auf der Homepage erfasst und wie diese genutzt werden:<\/p>\n<p>1. Gespeicherte Daten<\/p>\n<p>Unvermeidlich ist, dass in den Serverstatistiken automatisch solche Daten gespeichert werden, die Ihr Browser uns \u00fcbermittelt. Dies sind Browsertyp und Browserversion, das verwendete Betriebssystem, die Referrer URL (die zuvor besuchte Seite), der Hostname des zugreifenden Rechners (IP Adresse) sowie die Uhrzeit der Serveranfrage. Diese Speicherung dient lediglich internen systembezogenen und statistischen Zwecken. Weitergehende Personenbezogene Daten werden nur erfasst, wenn Sie diese Angaben freiwillig, etwa im Rahmen einer Anfrage und der Registrierung, machen. Die oben genannten Daten sind f\u00fcr uns in der Regel nicht bestimmten Personen zuordenbar, eine Zusammenf\u00fchrung mit diesen Daten mit anderen Datenquellen werden nicht vorgenommen.\u00a0Diese Website verwendet Cookies. Dabei handelt es sich um kleine Textdateien, welche auf Ihrem Endger\u00e4t gespeichert werden. Ihr Browser greift auf diese Dateien zu. Durch den Einsatz von Cookies erh\u00f6ht sich die Benutzerfreundlichkeit und Sicherheit dieser Website.\u00a0G\u00e4ngige Browser bieten die Einstellungsoption, Cookies nicht zuzulassen. Hinweis: Es ist nicht gew\u00e4hrleistet, dass Sie auf alle Funktionen dieser Website ohne Einschr\u00e4nkungen zugreifen k\u00f6nnen, wenn Sie entsprechende Einstellungen vornehmen.<\/p>\n<p>2. Nutzung und Weitergabe personenbezogener Daten<\/p>\n<p>Soweit Sie uns personenbezogene Daten zur Verf\u00fcgung gestellt haben, verwenden wir diese nur zur Beantwortung Ihrer Anfragen, zur Abwicklung mit uns geschlossener Vertr\u00e4ge und f\u00fcr die technische Administration. Ihre personenbezogenen Daten werden an Dritte nur weitergegeben oder sonst \u00fcbermittelt, wenn dies zum Zwecke der Vertragsabwicklung erforderlich ist, wenn dies zu Abrechnungszwecken erforderlich ist, oder Sie zuvor eingewilligt haben. Sie haben das Recht, eine erteilte Einwilligung mit Wirkung f\u00fcr die Zukunft jederzeit zu widerrufen. Die L\u00f6schung der gespeicherten personenbezogener Daten erfolgt, wenn Sie Ihre Einwilligung zur Speicherung widerrufen, wenn ihre Kenntnis zur Erf\u00fcllung des mit der Speicherung verfolgten Zwecks nicht mehr erforderlich ist oder wenn ihre Speicherung aus sonstigen gesetzlichen Gr\u00fcnden unzul\u00e4ssig ist.\u00a0Hinterlassen Sie auf dieser Website einen Beitrag oder Kommentar, wird Ihre IP-Adresse gespeichert. Dies dient der Sicherheit des Websitebetreibers: Verst\u00f6\u00dft Ihr Text gegen das Recht, m\u00f6chte er Ihre Identit\u00e4t nachverfolgen k\u00f6nnen.<\/p>\n<p>3. Auskunftsrecht<\/p>\n<p>Gerne geben wir Ihnen Auskunft \u00fcber die bei uns gespeicherten pers\u00f6nlichen Daten, wenn Sie Fragen zur Behandlung Ihrer Daten haben, gen\u00fcgt eine Email (email@hausarzt-dr-fischer.de)<\/p>\n<p>Twitter Plugin<\/p>\n<p>Auf unseren Seiten sind Funktionen des Dienstes Twitter eingebunden. Diese Funktionen werden angeboten durch die Twitter Inc., Twitter, Inc. 1355 Market St, Suite 900, San Francisco, CA 94103, USA. Durch das Benutzen von Twitter und der Funktion &#8222;Re-Tweet&#8220; werden die von Ihnen besuchten Webseiten mit Ihrem Twitter-Account verkn\u00fcpft und anderen Nutzern bekannt gegeben. Dabei werden auch Daten an Twitter \u00fcbertragen. Wir weisen darauf hin, dass wir als Anbieter der Seiten keine Kenntnis vom Inhalt der \u00fcbermittelten Daten sowie deren Nutzung durch Twitter erhalten. Weitere Informationen hierzu finden Sie in der Datenschutzerkl\u00e4rung von Twitter unter http:\/\/twitter.com\/privacy .<br \/>Ihre Datenschutzeinstellungen bei Twitter k\u00f6nnen Sie in den Konto- Einstellungen unter http:\/\/twitter.com\/account\/settings \u00e4ndern<\/p>\n<p><strong data-rich-text-format-boundary=\"true\">Zur statistischen Auswertung setzen wir auf dieser Webseite &#8222;Matomo&#8220; (fr\u00fcher &#8222;PIWIK&#8220;) ein.\u00a0<\/strong>Das ist ein Open-Source-Tool zur Web-Analyse. Mit Matomo werden keine Daten an externe Server \u00fcbermittelt. Matomo ist deaktiviert, wenn Sie unsere Webseite besuchen. Erst wenn Sie aktiv einwilligen, wird Ihr Nutzungsverhalten anonymisiert erfasst.<\/p>\n<p>Matomo verwendet sog. Cookies. Das sind Textdateien, die auf Ihrem Computer gespeichert werden und die es uns m\u00f6glich machen, die Benutzung seiner Webseite zu analysieren. Dazu werden die durch den Cookie gewonnenen Informationen \u00fcber die Nutzung an unseren Server \u00fcbertragen und gespeichert, damit das Nutzungsverhalten ausgewertet werden kann. Ihre IP-Adresse wird umgehend anonymisiert; damit bleiben Sie als Nutzer anonym. Die durch den Cookie erzeugten Informationen \u00fcber Ihre Benutzung dieser Webseite werden nicht an Dritte weitergegeben. Ein R\u00fcckschluss auf Ihre Person ist uns nicht m\u00f6glich. Weitere Informationen zu den Nutzungsbedingungen von Matomo und den datenschutzrechtlichen Regelungen finden Sie unter:\u00a0<a href=\"https:\/\/matomo.org\/privacy\/\" target=\"_blank\" rel=\"noreferrer noopener\">https:\/\/matomo.org\/privacy\/<\/a><\/p>\n\n\n<p class=\"wp-block-paragraph\"><strong>Datenschutzerkl\u00e4rung zum Instagram-Account der Gemeinschaftspraxis&nbsp;Dres. Fischer<\/strong><\/p>\n\n\n\n<ol class=\"wp-block-list\">\n<li><strong>Verantwortliche Stelle<\/strong><\/li>\n<\/ol>\n\n\n\n<p class=\"wp-block-paragraph\">Verantwortlich f\u00fcr die Verarbeitung personenbezogener Daten der Personen, die die Instagram-Seite der Praxis besuchen, sind:<\/p>\n\n\n\n<p class=\"wp-block-paragraph\">Name: Dr. med. Susanne Fischer und Dr. med. Thomas Fischer GbR, Gemeinschaftspraxis<\/p>\n\n\n\n<p class=\"wp-block-paragraph\">Praxisanschrift: Genfstra\u00dfe 17a, 37079 G\u00f6ttingen<\/p>\n\n\n\n<p class=\"wp-block-paragraph\">Telefon +49 5 51 \/ 6 22 74<\/p>\n\n\n\n<p class=\"wp-block-paragraph\">Telefax +49 5 51 \/ 6 18 25<\/p>\n\n\n\n<p class=\"wp-block-paragraph\">E-Mail:&nbsp;<a>info@hausarztzentrum-holtenser-berg.de<\/a><\/p>\n\n\n\n<p class=\"wp-block-paragraph\">sowie<\/p>\n\n\n\n<p class=\"wp-block-paragraph\">Facebook Ireland Limited 4 Grand Canal Square Grand Canal Harbour Dublin 2 Ireland<\/p>\n\n\n\n<p class=\"wp-block-paragraph\">als gemeinsam Verantwortliche gem\u00e4\u00df Art. 26 DSGVO.<\/p>\n\n\n\n<p class=\"wp-block-paragraph\"><strong>2. Datenschutzbeauftragter<\/strong><\/p>\n\n\n\n<p class=\"wp-block-paragraph\">Kontakt mit dem Datenschutzbeauftragten der Facebook Ireland Ltd. k\u00f6nnen Sie \u00fcber<\/p>\n\n\n\n<p class=\"wp-block-paragraph\"><a href=\"https:\/\/www.instagram.com\/legal\/privacy\">https:\/\/www.instagram.com\/legal\/privacy<\/a><\/p>\n\n\n\n<p class=\"wp-block-paragraph\">aufnehmen. Das Kontaktformular ist am Ende der Datenschutzrichtlinie verlinkt.<\/p>\n\n\n\n<p class=\"wp-block-paragraph\"><strong>3. Verarbeitung personenbezogener Daten durch Facebook<\/strong><\/p>\n\n\n\n<p class=\"wp-block-paragraph\">Beim Besuch der Instagram-Seite der Praxis verarbeitet die Facebook Ireland Ltd. personenbezogene Daten. Dies gilt auch dann, wenn die Besuchenden bei keinem der Facebook- Dienste angemeldet sind.<\/p>\n\n\n\n<p class=\"wp-block-paragraph\">Die Verarbeitung umfasst unter anderem Informationen \u00fcber die Art der Inhalte, die Personen sich ansehen oder mit denen sie interagieren. Von der Verarbeitung umfasst sind dar\u00fcber hinaus auch die von den Besucherinnen und Besuchern vorgenommenen Handlungen sowie Informationen \u00fcber die von ihnen genutzten Ger\u00e4te (z. B. IP-Adressen, Betriebssystem, Browsertyp, Spracheinstellungen etc.)<\/p>\n\n\n\n<p class=\"wp-block-paragraph\">N\u00e4here Informationen zur Datenverarbeitung stellt die Facebook Ireland Ltd. in ihrer Instagram- Datenschutz-Richtlinie zur Verf\u00fcgung, die unter<\/p>\n\n\n\n<p class=\"wp-block-paragraph\"><a href=\"https:\/\/www.instagram.com\/legal\/privacy\">https:\/\/www.instagram.com\/legal\/privacy<\/a><\/p>\n\n\n\n<p class=\"wp-block-paragraph\">abgerufen werden kann.<\/p>\n\n\n\n<p class=\"wp-block-paragraph\">Informationen zu den Cookies, die Facebook Ireland Ltd. setzt, wenn ein Instagram-Konto besteht, Facebook-Produkte (einschlie\u00dflich der Webseite und Apps) genutzt oder andere Webseiten und Apps besucht werden, die die Facebook-Produkte nutzen, stellt Facebook unter folgenden Links zur Verf\u00fcgung:<\/p>\n\n\n\n<p class=\"wp-block-paragraph\">https:\/\/www.instagram.com\/legal\/cookies\/<br>https:\/\/www.facebook.com\/policies\/cookies\/<br>Die Daten werden gegebenenfalls in L\u00e4nder au\u00dferhalb der Europ\u00e4ischen Union \u00fcbertragen.<\/p>\n\n\n\n<p class=\"wp-block-paragraph\"><strong>4. Seiten-Insights<\/strong><\/p>\n\n\n\n<p class=\"wp-block-paragraph\">Wie in der Instagram-Datenschutzrichtlinie&nbsp;unter \u201eWie verwenden wir diese Informationen?\u201c&nbsp;erl\u00e4utert, erhebt und verwendet Facebook Informationen auch, um Analysedienste, sogenannte Seiten-Insights, f\u00fcr Seitenbetreiber bereitzustellen. Dies gilt auch f\u00fcr die Instagram-Seite der Praxis. Bei Seiten-Insights handelt es sich um zusammengefasste Statistiken, die anhand bestimmter Interaktionen der Besuchenden mit Seiten und den mit ihnen verbundenen Inhalten (z. B. dem Ansehen einer Seite oder eines Videos, dem Abonnieren einer Seite, eine Seite&nbsp;mit \u201eGef\u00e4llt mir\u201c oder \u201eGef\u00e4llt mir nicht mehr\u201c markieren etc.) erstellt und&nbsp;von den Facebook- Servern protokolliert werden.<\/p>\n\n\n\n<p class=\"wp-block-paragraph\">N\u00e4heres zur Datenverarbeitung durch Facebook im Zusammenhang mit den Seiten-Insights findet sich unter<\/p>\n\n\n\n<p class=\"wp-block-paragraph\"><a href=\"https:\/\/www.facebook.com\/legal\/terms\/page_controller_addendum.\">https:\/\/www.facebook.com\/legal\/terms\/page_controller_addendum.<\/a><\/p>\n\n\n\n<p class=\"wp-block-paragraph\"><strong>5. Verarbeitung personenbezogener Daten durch die Gemeinschaftspraxis Dres. Fischer<\/strong><\/p>\n\n\n\n<p class=\"wp-block-paragraph\">Die Gemeinschaftspraxis Dres. Fischer erh\u00e4lt keinen Zugriff auf die personenbezogenen Daten, die im Rahmen der eben beschriebenen Interaktionen verarbeitet werden, sondern nur auf die zusammengefassten Seiten-Insights.<\/p>\n\n\n\n<p class=\"wp-block-paragraph\">Diese Daten sind anonymisiert. R\u00fcckschl\u00fcsse auf bestimmte Personen sind der Gemeinschaftspraxis Dres. Fischer dabei nicht m\u00f6glich. Die Auswertung dieser Daten dient dazu, das Angebot auf der Instagram-Seite der Gemeinschaftspraxis Dres. Fischer zum Zwecke der \u00d6ffentlichkeitsarbeit so zu gestalten, dass Besuchende einen gr\u00f6\u00dftm\u00f6glichen Nutzen daraus ziehen k\u00f6nnen.<\/p>\n\n\n\n<p class=\"wp-block-paragraph\">Die Direktnachrichtenfunktion des Instagram-Accounts der Gemeinschaftspraxis Dres. Fischer wurde deaktiviert. Zugesandte Nachrichten werden seitens der Praxis nicht zur Kenntnis genommen. Hinsichtlich der Datenverarbeitung durch Facebook in Bezug auf Direktnachrichten sind weitere Informationen unter<\/p>\n\n\n\n<p class=\"wp-block-paragraph\"><a href=\"https:\/\/www.instagram.com\/legal\/privacy\">https:\/\/www.instagram.com\/legal\/privacy<\/a><\/p>\n\n\n\n<p class=\"wp-block-paragraph\">abrufbar.<\/p>\n\n\n\n<p class=\"wp-block-paragraph\">Rechtsgrundlage f\u00fcr die Datenverarbeitung durch der Gemeinschaftspraxis Dres. Fischer ist Art. 6 Abs. 1 lit. e DSGVO in Verbindung mit \u00a7 3 BDSG.<\/p>\n\n\n\n<p class=\"wp-block-paragraph\"><strong>6. Ihre Rechte bez\u00fcglich der verarbeiten Daten<\/strong><\/p>\n\n\n\n<p class=\"wp-block-paragraph\">Gegen\u00fcber den Verantwortlichen stehen Ihnen folgende Rechte hinsichtlich der Sie betreffenden personenbezogenen Daten zu:<\/p>\n\n\n\n<p class=\"wp-block-paragraph\">\u2022 Recht auf Auskunft, Art. 15 DSGVO<br>\u2022 Recht auf Berichtigung, Art. 16 DSGVO<br>\u2022 Recht auf L\u00f6schung, Art. 17 DSGVO<br>\u2022 Recht auf Einschr\u00e4nkung der Verarbeitung, Art. 18 DSGVO<br>\u2022 Recht auf Widerspruch gegen die Erhebung, Verarbeitung und\/oder Nutzung, Art. 21 DSGVO<br>\u2022 Recht auf Daten\u00fcbertragbarkeit, Art. 20 DSGVO<br>\u2022 Soweit die Verarbeitung der personenbezogenen Daten auf Grundlage Ihrer Einwilligung (Artikel 6&nbsp;Abs. 1 Buchst. a DSGVO) erfolgt, k\u00f6nnen Sie diese jederzeit frei widerrufen. Durch den Widerruf der Einwilligung wird die Rechtm\u00e4\u00dfigkeit der aufgrund der Einwilligung bis zum Widerruf erfolgten Verarbeitung nicht ber\u00fchrt.<\/p>\n\n\n\n<p class=\"wp-block-paragraph\">Ihnen steht zudem ein Beschwerderecht, etwa bei der irischen Datenschutzkommission (zust\u00e4ndig f\u00fcr Facebook Ireland Ltd.), zu (Art. 77 DSGVO) zu.<\/p>\n\n\n\n<p class=\"wp-block-paragraph\"><strong>Erkl\u00e4rung zur Barrierefreiheit<\/strong><\/p>\n\n\n\n<p class=\"wp-block-paragraph\">(28.6.25&nbsp;Stand der Erkl\u00e4rung)<\/p>\n\n\n\n<p class=\"wp-block-paragraph\">Informationen \u00fcber die Zug\u00e4nglichkeit dieser Webseiten gem\u00e4\u00df \u00a7 9b NBGG sowie \u00fcber diesbez\u00fcgliche Kontaktm\u00f6glichkeiten.<\/p>\n\n\n\n<p class=\"wp-block-paragraph\">Diese Erkl\u00e4rung zur Barrierefreiheit gilt f\u00fcr\u00a0<a href=\"https:\/\/www.hausarztzentrum-holtenser-berg.de\/\">https:\/\/www.hausarzt-zietenterrassen.de<\/a>.<\/p>\n\n\n\n<p class=\"wp-block-paragraph\">Diese Webseiten sind mit den Vorgaben der harmonisierten europ\u00e4ischen Norm EN 301 549 V2.1.2 (08-2018) gr\u00f6\u00dftenteils vereinbar.<\/p>\n\n\n\n<p class=\"wp-block-paragraph\">Nicht barrierefreie Inhalte:<\/p>\n\n\n\n<ul class=\"wp-block-list\">\n<li>Die Fotos des Teams sind nicht barrierefrei.<\/li>\n<\/ul>\n\n\n\n<p class=\"wp-block-paragraph\">Erstellung dieser Erkl\u00e4rung zur Barrierefreiheit:<\/p>\n\n\n\n<p class=\"wp-block-paragraph\">Diese Erkl\u00e4rung wurde am&nbsp;28.6.2025&nbsp;erstellt. Die Einsch\u00e4tzung basiert auf einer&nbsp;Selbstbewertung.<\/p>\n\n\n\n<p class=\"wp-block-paragraph\">Feedback und Kontaktangaben<\/p>\n\n\n\n<p class=\"wp-block-paragraph\">\u00dcber folgenden Kontakt k\u00f6nnen Sie M\u00e4ngel in Bezug auf die Einhaltung der Barrierefreiheitsanforderungen mitteilen:<\/p>\n\n\n\n<p class=\"wp-block-paragraph\">info@hausarzt-zietenterrassen.de<\/p>\n\n\n\n<p class=\"wp-block-paragraph\">Schlichtungsverfahren<\/p>\n\n\n\n<p class=\"wp-block-paragraph\">Bei nicht zufriedenstellenden Antworten aus oben genannter Kontaktm\u00f6glichkeit k\u00f6nnen Sie bei der Schlichtungsstelle, eingerichtet bei der Landesbeauftragten f\u00fcr Menschen mit Behinderungen in Niedersachsen, einen Antrag auf Einleitung eines Schlichtungsverfahrens nach dem Nieders\u00e4chsischen Behindertengleichstellungsgesetz (NBGG) stellen.<\/p>\n\n\n\n<p class=\"wp-block-paragraph\">Die Schlichtungsstelle nach \u00a7 9 d NBGG hat die Aufgabe, Streitigkeiten zwischen Menschen mit Behinderungen und \u00f6ffentlichen Stellen des Landes Niedersachsen, zum Thema Barrierefreiheit in der IT, beizulegen. Das Schlichtungsverfahren ist kostenlos. Es muss kein Rechtsbeistand eingeschaltet werden.<\/p>\n\n\n\n<p class=\"wp-block-paragraph\">Direkt kontaktieren k\u00f6nnen Sie die Schlichtungsstelle unter:<\/p>\n\n\n\n<p class=\"wp-block-paragraph\">\u25e6Telefon: 0511\/120-4010<\/p>\n\n\n\n<p class=\"wp-block-paragraph\">\u25e6E-Mail:&nbsp;<a href=\"mailto:schlichtungsstelle@ms.niedersachsen.de\">schlichtungsstelle@ms.niedersachsen.de<\/a><\/p>\n\n\n\n<p class=\"wp-block-paragraph\">Datum der Ver\u00f6ffentlichung der&nbsp;Website: 28.6.2025<\/p>\n","protected":false},"excerpt":{"rendered":"<p>Pflichtangaben nach \u00a75 Telemediengesetz (TMG) Name: Dr. med. Thomas Fischer und Dr. med. Susanne Fischer GbR Praxisanschrift: Alfred-Delp-Weg 3, 37085 G\u00f6ttingen Telefon +49 5 51 \/ 79 66 99 Telefax +49 5 51 \/ E-Mail: info@hausarzt-zietenterrassen.de Gesetzliche Berufsbezeichnung: Arzt Staat: Deutschland \u00c4rztekammer: \u00c4rztekammer Niedersachsen Berliner Allee 20, 30175 Hannover &#8211; [&hellip;]<\/p>\n","protected":false},"author":1,"featured_media":0,"parent":0,"menu_order":0,"comment_status":"closed","ping_status":"closed","template":"","meta":{"_crdt_document":"","footnotes":""},"class_list":["post-51","page","type-page","status-publish","hentry"],"yoast_head":"<!-- This site is optimized with the Yoast SEO plugin v27.4 - https:\/\/yoast.com\/product\/yoast-seo-wordpress\/ -->\n<title>Impressum \/ Datenschutz \/ Barrierefreiheit - Ihre Hausarztpraxis auf den Zietenterrassen<\/title>\n<meta name=\"robots\" content=\"index, follow, max-snippet:-1, max-image-preview:large, max-video-preview:-1\" \/>\n<link rel=\"canonical\" href=\"https:\/\/hausarzt-zietenterrassen.de\/?page_id=51\" \/>\n<meta property=\"og:locale\" content=\"de_DE\" \/>\n<meta property=\"og:type\" content=\"article\" \/>\n<meta property=\"og:title\" content=\"Impressum \/ Datenschutz \/ Barrierefreiheit - Ihre Hausarztpraxis auf den Zietenterrassen\" \/>\n<meta property=\"og:description\" content=\"Pflichtangaben nach \u00a75 Telemediengesetz (TMG) Name: Dr. med. Thomas Fischer und Dr. med. Susanne Fischer GbR Praxisanschrift: Alfred-Delp-Weg 3, 37085 G\u00f6ttingen Telefon +49 5 51 \/ 79 66 99 Telefax +49 5 51 \/ E-Mail: info@hausarzt-zietenterrassen.de Gesetzliche Berufsbezeichnung: Arzt Staat: Deutschland \u00c4rztekammer: \u00c4rztekammer Niedersachsen Berliner Allee 20, 30175 Hannover &#8211; [&hellip;]\" \/>\n<meta property=\"og:url\" content=\"https:\/\/hausarzt-zietenterrassen.de\/?page_id=51\" \/>\n<meta property=\"og:site_name\" content=\"Ihre Hausarztpraxis auf den Zietenterrassen\" \/>\n<meta property=\"article:modified_time\" content=\"2025-06-28T15:49:34+00:00\" \/>\n<meta name=\"twitter:card\" content=\"summary_large_image\" \/>\n<meta name=\"twitter:label1\" content=\"Gesch\u00e4tzte Lesezeit\" \/>\n\t<meta name=\"twitter:data1\" content=\"10\u00a0Minuten\" \/>\n<script type=\"application\/ld+json\" class=\"yoast-schema-graph\">{\"@context\":\"https:\\\/\\\/schema.org\",\"@graph\":[{\"@type\":\"WebPage\",\"@id\":\"https:\\\/\\\/hausarzt-zietenterrassen.de\\\/?page_id=51\",\"url\":\"https:\\\/\\\/hausarzt-zietenterrassen.de\\\/?page_id=51\",\"name\":\"Impressum \\\/ Datenschutz \\\/ Barrierefreiheit - Ihre Hausarztpraxis auf den Zietenterrassen\",\"isPartOf\":{\"@id\":\"https:\\\/\\\/hausarzt-zietenterrassen.de\\\/#website\"},\"datePublished\":\"2019-08-24T20:32:26+00:00\",\"dateModified\":\"2025-06-28T15:49:34+00:00\",\"breadcrumb\":{\"@id\":\"https:\\\/\\\/hausarzt-zietenterrassen.de\\\/?page_id=51#breadcrumb\"},\"inLanguage\":\"de\",\"potentialAction\":[{\"@type\":\"ReadAction\",\"target\":[\"https:\\\/\\\/hausarzt-zietenterrassen.de\\\/?page_id=51\"]}]},{\"@type\":\"BreadcrumbList\",\"@id\":\"https:\\\/\\\/hausarzt-zietenterrassen.de\\\/?page_id=51#breadcrumb\",\"itemListElement\":[{\"@type\":\"ListItem\",\"position\":1,\"name\":\"Startseite\",\"item\":\"https:\\\/\\\/hausarzt-zietenterrassen.de\\\/?page_id=645\"},{\"@type\":\"ListItem\",\"position\":2,\"name\":\"Impressum \\\/ Datenschutz \\\/ Barrierefreiheit\"}]},{\"@type\":\"WebSite\",\"@id\":\"https:\\\/\\\/hausarzt-zietenterrassen.de\\\/#website\",\"url\":\"https:\\\/\\\/hausarzt-zietenterrassen.de\\\/\",\"name\":\"Ihre Hausarztpraxis auf den Zietenterrassen\",\"description\":\"Ihre Hausarztpraxis auf den Zietenterrassen. Pers\u00f6nlich. Nah. Vertrauensvoll.\",\"publisher\":{\"@id\":\"https:\\\/\\\/hausarzt-zietenterrassen.de\\\/#organization\"},\"potentialAction\":[{\"@type\":\"SearchAction\",\"target\":{\"@type\":\"EntryPoint\",\"urlTemplate\":\"https:\\\/\\\/hausarzt-zietenterrassen.de\\\/?s={search_term_string}\"},\"query-input\":{\"@type\":\"PropertyValueSpecification\",\"valueRequired\":true,\"valueName\":\"search_term_string\"}}],\"inLanguage\":\"de\"},{\"@type\":\"Organization\",\"@id\":\"https:\\\/\\\/hausarzt-zietenterrassen.de\\\/#organization\",\"name\":\"Ihre Hausarztpraxis auf den Zietenterrassen\",\"url\":\"https:\\\/\\\/hausarzt-zietenterrassen.de\\\/\",\"logo\":{\"@type\":\"ImageObject\",\"inLanguage\":\"de\",\"@id\":\"https:\\\/\\\/hausarzt-zietenterrassen.de\\\/#\\\/schema\\\/logo\\\/image\\\/\",\"url\":\"https:\\\/\\\/hausarzt-zietenterrassen.de\\\/wp-content\\\/uploads\\\/2019\\\/08\\\/cropped-cropped-Logo_Fischer_1c_ohneText-2.png\",\"contentUrl\":\"https:\\\/\\\/hausarzt-zietenterrassen.de\\\/wp-content\\\/uploads\\\/2019\\\/08\\\/cropped-cropped-Logo_Fischer_1c_ohneText-2.png\",\"width\":512,\"height\":372,\"caption\":\"Ihre Hausarztpraxis auf den Zietenterrassen\"},\"image\":{\"@id\":\"https:\\\/\\\/hausarzt-zietenterrassen.de\\\/#\\\/schema\\\/logo\\\/image\\\/\"}}]}<\/script>\n<!-- \/ Yoast SEO plugin. -->","yoast_head_json":{"title":"Impressum \/ Datenschutz \/ Barrierefreiheit - Ihre Hausarztpraxis auf den Zietenterrassen","robots":{"index":"index","follow":"follow","max-snippet":"max-snippet:-1","max-image-preview":"max-image-preview:large","max-video-preview":"max-video-preview:-1"},"canonical":"https:\/\/hausarzt-zietenterrassen.de\/?page_id=51","og_locale":"de_DE","og_type":"article","og_title":"Impressum \/ Datenschutz \/ Barrierefreiheit - Ihre Hausarztpraxis auf den Zietenterrassen","og_description":"Pflichtangaben nach \u00a75 Telemediengesetz (TMG) Name: Dr. med. Thomas Fischer und Dr. med. Susanne Fischer GbR Praxisanschrift: Alfred-Delp-Weg 3, 37085 G\u00f6ttingen Telefon +49 5 51 \/ 79 66 99 Telefax +49 5 51 \/ E-Mail: info@hausarzt-zietenterrassen.de Gesetzliche Berufsbezeichnung: Arzt Staat: Deutschland \u00c4rztekammer: \u00c4rztekammer Niedersachsen Berliner Allee 20, 30175 Hannover &#8211; [&hellip;]","og_url":"https:\/\/hausarzt-zietenterrassen.de\/?page_id=51","og_site_name":"Ihre Hausarztpraxis auf den Zietenterrassen","article_modified_time":"2025-06-28T15:49:34+00:00","twitter_card":"summary_large_image","twitter_misc":{"Gesch\u00e4tzte Lesezeit":"10\u00a0Minuten"},"schema":{"@context":"https:\/\/schema.org","@graph":[{"@type":"WebPage","@id":"https:\/\/hausarzt-zietenterrassen.de\/?page_id=51","url":"https:\/\/hausarzt-zietenterrassen.de\/?page_id=51","name":"Impressum \/ Datenschutz \/ Barrierefreiheit - Ihre Hausarztpraxis auf den Zietenterrassen","isPartOf":{"@id":"https:\/\/hausarzt-zietenterrassen.de\/#website"},"datePublished":"2019-08-24T20:32:26+00:00","dateModified":"2025-06-28T15:49:34+00:00","breadcrumb":{"@id":"https:\/\/hausarzt-zietenterrassen.de\/?page_id=51#breadcrumb"},"inLanguage":"de","potentialAction":[{"@type":"ReadAction","target":["https:\/\/hausarzt-zietenterrassen.de\/?page_id=51"]}]},{"@type":"BreadcrumbList","@id":"https:\/\/hausarzt-zietenterrassen.de\/?page_id=51#breadcrumb","itemListElement":[{"@type":"ListItem","position":1,"name":"Startseite","item":"https:\/\/hausarzt-zietenterrassen.de\/?page_id=645"},{"@type":"ListItem","position":2,"name":"Impressum \/ Datenschutz \/ Barrierefreiheit"}]},{"@type":"WebSite","@id":"https:\/\/hausarzt-zietenterrassen.de\/#website","url":"https:\/\/hausarzt-zietenterrassen.de\/","name":"Ihre Hausarztpraxis auf den Zietenterrassen","description":"Ihre Hausarztpraxis auf den Zietenterrassen. Pers\u00f6nlich. Nah. Vertrauensvoll.","publisher":{"@id":"https:\/\/hausarzt-zietenterrassen.de\/#organization"},"potentialAction":[{"@type":"SearchAction","target":{"@type":"EntryPoint","urlTemplate":"https:\/\/hausarzt-zietenterrassen.de\/?s={search_term_string}"},"query-input":{"@type":"PropertyValueSpecification","valueRequired":true,"valueName":"search_term_string"}}],"inLanguage":"de"},{"@type":"Organization","@id":"https:\/\/hausarzt-zietenterrassen.de\/#organization","name":"Ihre Hausarztpraxis auf den Zietenterrassen","url":"https:\/\/hausarzt-zietenterrassen.de\/","logo":{"@type":"ImageObject","inLanguage":"de","@id":"https:\/\/hausarzt-zietenterrassen.de\/#\/schema\/logo\/image\/","url":"https:\/\/hausarzt-zietenterrassen.de\/wp-content\/uploads\/2019\/08\/cropped-cropped-Logo_Fischer_1c_ohneText-2.png","contentUrl":"https:\/\/hausarzt-zietenterrassen.de\/wp-content\/uploads\/2019\/08\/cropped-cropped-Logo_Fischer_1c_ohneText-2.png","width":512,"height":372,"caption":"Ihre Hausarztpraxis auf den Zietenterrassen"},"image":{"@id":"https:\/\/hausarzt-zietenterrassen.de\/#\/schema\/logo\/image\/"}}]}},"jetpack_sharing_enabled":true,"_links":{"self":[{"href":"https:\/\/hausarzt-zietenterrassen.de\/index.php?rest_route=\/wp\/v2\/pages\/51","targetHints":{"allow":["GET"]}}],"collection":[{"href":"https:\/\/hausarzt-zietenterrassen.de\/index.php?rest_route=\/wp\/v2\/pages"}],"about":[{"href":"https:\/\/hausarzt-zietenterrassen.de\/index.php?rest_route=\/wp\/v2\/types\/page"}],"author":[{"embeddable":true,"href":"https:\/\/hausarzt-zietenterrassen.de\/index.php?rest_route=\/wp\/v2\/users\/1"}],"replies":[{"embeddable":true,"href":"https:\/\/hausarzt-zietenterrassen.de\/index.php?rest_route=%2Fwp%2Fv2%2Fcomments&post=51"}],"version-history":[{"count":8,"href":"https:\/\/hausarzt-zietenterrassen.de\/index.php?rest_route=\/wp\/v2\/pages\/51\/revisions"}],"predecessor-version":[{"id":960,"href":"https:\/\/hausarzt-zietenterrassen.de\/index.php?rest_route=\/wp\/v2\/pages\/51\/revisions\/960"}],"wp:attachment":[{"href":"https:\/\/hausarzt-zietenterrassen.de\/index.php?rest_route=%2Fwp%2Fv2%2Fmedia&parent=51"}],"curies":[{"name":"wp","href":"https:\/\/api.w.org\/{rel}","templated":true}]}}